{"id":1846,"date":"2014-11-03T19:44:43","date_gmt":"2014-11-03T18:44:43","guid":{"rendered":"http:\/\/north.fuelthemes.net\/?page_id=1846"},"modified":"2026-01-21T10:57:54","modified_gmt":"2026-01-21T09:57:54","slug":"startseite","status":"publish","type":"page","link":"https:\/\/www.lenhart-kosmetik.de\/de\/","title":{"rendered":"Startseite"},"content":{"rendered":"<div class=\"wpb-content-wrapper\">[vc_row type=&#8220;full_width_background&#8220; enable_parallax=&#8220;false&#8220; parallax_direction=&#8220;down&#8220; css=&#8220;.vc_custom_1467270636041{background-position: center !important;background-repeat: no-repeat !important;background-size: cover !important;}&#8220;][vc_column][\/vc_column][\/vc_row][vc_row][vc_column][rev_slider_vc alias=&#8220;startseite_res&#8220;][\/vc_column][\/vc_row][vc_row row_id=&#8220;ueber&#8220; css=&#8220;.vc_custom_1500389917877{padding-top: 150px !important;}&#8220;][vc_column][vc_column_text css=&#8220;&#8220;]\n<h1 id=\"ueber\" style=\"text-align: center; letter-spacing: 7px; line-height: 5px;\"><span style=\"color: #000000;\">WILLKOMMEN<\/span><\/h1>\n<h2 style=\"text-align: center; font-size: 20px; letter-spacing: 7px;\">BEI LENHART KOSMETIK<\/h2>\n<p style=\"text-align: left;\">Mit \u00fcber 50 Jahren Erfahrung im Kosmetikmarkt, 180 engagierten Mitarbeitern und einem j\u00e4hrlichen Produktionsvolumen von rund 30.000 Tonnen, z\u00e4hlt Lenhart Kosmetik zu den gr\u00f6\u00dften deutschen Private-Label-Produzenten. Aktuell werden unsere Erzeugnisse in \u00fcber 40 L\u00e4nder vertrieben \u2013 neben bekannten Handelsmarken finden sich in unserem Produktportfolio eine Vielzahl erfolgreicher Eigenmarken.<\/p>\n<p>Als international t\u00e4tiges Mittelstandsunternehmen bieten wir unseren Partnern Topqualit\u00e4t sowie Full Service von der Entwicklung bis zur Produktion. Wir pflegen einen pers\u00f6nlichen Stil und verbinden schw\u00e4bischen T\u00fcftlergeist mit unserer Leidenschaft f\u00fcr gute Produkte.[\/vc_column_text][\/vc_column][\/vc_row][vc_row row_id=&#8220;komp&#8220; css=&#8220;.vc_custom_1500390324506{margin-top: 95px !important;margin-bottom: 55px !important;}&#8220;][vc_column][vc_column_text][\/vc_column_text][\/vc_column][\/vc_row][vc_row type=&#8220;full_width_background&#8220; css=&#8220;.vc_custom_1500389850796{padding-top: 100px !important;padding-right: 100px !important;padding-bottom: 100px !important;padding-left: 100px !important;background-color: #f5f5f5 !important;}&#8220; el_id=&#8220;kompetenzen&#8220;][vc_column][vc_column_text]\n<h2 id=\"komp\" style=\"margin-bottom: 5px; text-align: center;\"><\/h2>\n<h1 style=\"text-align: center; letter-spacing: 7px; line-height: 5px;\"><span style=\"color: #000000; line-height: 2;\">UNSERE KOMPETENZEN<\/span><\/h1>\n<h2 style=\"text-align: center; font-size: 20px; letter-spacing: 7px;\">SEIT \u00dcBER 50 JAHREN QUALIT\u00c4T<\/h2>\n[\/vc_column_text][vc_row_inner css=&#8220;.vc_custom_1472826280012{padding-top: 50px !important;}&#8220;][vc_column_inner width=&#8220;2\/12&#8243;][vc_raw_html]JTNDYSUyMGhyZWYlM0QlMjIlMkZlbnR3aWNrbHVuZyUyRiUyMiUzRSUzQ2ltZyUyMHN0eWxlJTNEJTIyZGlzcGxheSUzQSUyMGJsb2NrJTNCJTBBbWFyZ2luJTNBJTIwYXV0byUzQiUyMiUyMHNyYyUzRCUyMiUyRndwLWNvbnRlbnQlMkZ1cGxvYWRzJTJGMjAxNSUyRjA3JTJGTGVuaGFydF9JY29uc19FbnR3dXJmc3JlaWhlXzFfZWluemVsbi0wMi5wbmclMjIlMjBhbHQlM0QlMjJUMSUyMiUyMG9ubW91c2VvdmVyJTNEJTBBJTIyc3JjJTNEJTI3JTJGd3AtY29udGVudCUyRnVwbG9hZHMlMkYyMDE1JTJGMDclMkZMZW5oYXJ0X0ljb25zX0VudHd1cmZzcmVpaGVfMV9laW56ZWxuX2hvdmUtMTYucG5nJTI3JTIyJTIwb25tb3VzZW91dCUzRCUyMnNyYyUzRCUyNyUyRndwLWNvbnRlbnQlMkZ1cGxvYWRzJTJGMjAxNSUyRjA3JTJGTGVuaGFydF9JY29uc19FbnR3dXJmc3JlaWhlXzFfZWluemVsbi0wMi5wbmclMjclMjIlMjB3aWR0aCUzRCUyMjkwcHglMjIlMjIlMjBoZWlnaHQlM0QlMjI5MHB4JTIyJTJGJTNFJTNDJTJGYSUzRSUzQ2JyJTJGJTNFJTBBJTNDcCUyMHN0eWxlJTNEJTIydGV4dC1hbGlnbiUzQSUyMGNlbnRlciUzQiUyMGZvbnQtc2l6ZSUzQSUyMDEycHglM0IlMjIlM0UlM0NhJTIwaHJlZiUzRCUyMiUyRmVudHdpY2tsdW5nJTJGJTIyJTNFRU5UV0lDS0xVTkclM0MlMkZhJTNFJTNDJTJGcCUzRQ==[\/vc_raw_html][\/vc_column_inner][vc_column_inner el_class=&#8220;ent&#8220; width=&#8220;2\/12&#8243;][vc_raw_html]JTNDYSUyMGhyZWYlM0QlMjIlMkZwcm9kdWt0aW9uJTJGJTIyJTNFJTNDaW1nJTIwc3R5bGUlM0QlMjJkaXNwbGF5JTNBJTIwYmxvY2slM0IlMEFtYXJnaW4lM0ElMjBhdXRvJTNCJTIyJTIwc3JjJTNEJTIyJTJGd3AtY29udGVudCUyRnVwbG9hZHMlMkYyMDE1JTJGMDclMkZMZW5oYXJ0X0ljb25zX0VudHd1cmZzcmVpaGVfMV9laW56ZWxuLTAzLnBuZyUyMiUyMGFsdCUzRCUyMiUyMiUyMG9ubW91c2VvdmVyJTNEJTBBJTIyc3JjJTNEJTI3JTJGd3AtY29udGVudCUyRnVwbG9hZHMlMkYyMDE1JTJGMDclMkZMZW5oYXJ0X0ljb25zX0VudHd1cmZzcmVpaGVfMV9laW56ZWxuX2hvdmUtMTUucG5nJTI3JTIyJTIwb25tb3VzZW91dCUzRCUyMnNyYyUzRCUyNyUyRndwLWNvbnRlbnQlMkZ1cGxvYWRzJTJGMjAxNSUyRjA3JTJGTGVuaGFydF9JY29uc19FbnR3dXJmc3JlaWhlXzFfZWluemVsbi0wMy5wbmclMjclMjIlMjB3aWR0aCUzRCUyMjkwcHglMjIlMjBoZWlnaHQlM0QlMjI5MHB4JTIyJTJGJTNFJTNDJTJGYSUzRSUzQ2JyJTJGJTNFJTBBJTNDcCUyMHN0eWxlJTNEJTIydGV4dC1hbGlnbiUzQSUyMGNlbnRlciUzQiUyMGZvbnQtc2l6ZSUzQSUyMDEycHglM0IlMjIlM0UlM0NhJTIwaHJlZiUzRCUyMiUyRnByb2R1a3Rpb24lMkYlMjIlM0VQUk9EVUtUSU9OJTNDJTJGYSUzRSUzQyUyRnAlM0U=[\/vc_raw_html][\/vc_column_inner][vc_column_inner el_class=&#8220;pro&#8220; width=&#8220;2\/12&#8243;][vc_raw_html]JTNDYSUyMGhyZWYlM0QlMjIlMkZkaWVuc3RsZWlzdHVuZ2VuJTJGJTIyJTNFJTNDaW1nJTIwc3R5bGUlM0QlMjJkaXNwbGF5JTNBJTIwYmxvY2slM0IlMEFtYXJnaW4lM0ElMjBhdXRvJTNCJTIyJTIwc3JjJTNEJTIyJTJGd3AtY29udGVudCUyRnVwbG9hZHMlMkYyMDE1JTJGMDclMkZMZW5oYXJ0X0ljb25zX0VudHd1cmZzcmVpaGVfMV9laW56ZWxuLTA0LnBuZyUyMiUyMGFsdCUzRCUyMiUyMiUyMG9ubW91c2VvdmVyJTNEJTBBJTIyc3JjJTNEJTI3JTJGd3AtY29udGVudCUyRnVwbG9hZHMlMkYyMDE1JTJGMDclMkZMZW5oYXJ0X0ljb25zX0VudHd1cmZzcmVpaGVfMV9laW56ZWxuX2hvdmUtMTQucG5nJTI3JTIyJTIwb25tb3VzZW91dCUzRCUyMnNyYyUzRCUyNyUyRndwLWNvbnRlbnQlMkZ1cGxvYWRzJTJGMjAxNSUyRjA3JTJGTGVuaGFydF9JY29uc19FbnR3dXJmc3JlaWhlXzFfZWluemVsbi0wNC5wbmclMjclMjIlMjB3aWR0aCUzRCUyMjkwcHglMjIlMjBoZWlnaHQlM0QlMjI5MHB4JTIyJTJGJTNFJTNDJTJGYSUzRSUzQ2JyJTJGJTNFJTBBJTNDcCUyMHN0eWxlJTNEJTIydGV4dC1hbGlnbiUzQSUyMGNlbnRlciUzQiUyMGZvbnQtc2l6ZSUzQSUyMDEycHglM0IlMjIlM0UlM0NhJTIwaHJlZiUzRCUyMiUyRmRpZW5zdGxlaXN0dW5nZW4lMkYlMjIlM0VESUVOU1RMRUlTVFVOR0VOJTNDJTJGYSUzRSUzQyUyRnAlM0U=[\/vc_raw_html][\/vc_column_inner][vc_column_inner el_class=&#8220;die&#8220; width=&#8220;2\/12&#8243;][vc_raw_html]JTNDYSUyMGhyZWYlM0QlMjIlMkZxdWFsaXRhZXRzcG9saXRpayUyRiUyMiUzRSUzQ2ltZyUyMHN0eWxlJTNEJTIyZGlzcGxheSUzQSUyMGJsb2NrJTNCJTBBbWFyZ2luJTNBJTIwYXV0byUzQiUyMiUyMHNyYyUzRCUyMiUyRndwLWNvbnRlbnQlMkZ1cGxvYWRzJTJGMjAxNSUyRjA3JTJGUXVhbGl0YWV0X2RhcmsucG5nJTIyJTIwYWx0JTNEJTIyJTIyJTIwb25tb3VzZW92ZXIlM0QlMEElMjJzcmMlM0QlMjclMkZ3cC1jb250ZW50JTJGdXBsb2FkcyUyRjIwMTUlMkYwNyUyRlF1YWxpdGFldF9saWdodC5wbmclMjclMjIlMjBvbm1vdXNlb3V0JTNEJTIyc3JjJTNEJTI3JTJGd3AtY29udGVudCUyRnVwbG9hZHMlMkYyMDE1JTJGMDclMkZRdWFsaXRhZXRfZGFyay5wbmclMjclMjIlMjB3aWR0aCUzRCUyMjkwcHglMjIlMjBoZWlnaHQlM0QlMjI5MHB4JTIyJTJGJTNFJTNDJTJGYSUzRSUzQ2JyJTJGJTNFJTBBJTNDcCUyMHN0eWxlJTNEJTIydGV4dC1hbGlnbiUzQSUyMGNlbnRlciUzQiUyMGZvbnQtc2l6ZSUzQSUyMDEycHglM0IlMjIlM0UlM0NhJTIwaHJlZiUzRCUyMiUyRnF1YWxpdGFldHNwb2xpdGlrJTJGJTIyJTNFUVVBTElUJUMzJTg0VFNQT0xJVElLJTNDJTJGYSUzRSUzQyUyRnAlM0U=[\/vc_raw_html][\/vc_column_inner][vc_column_inner el_class=&#8220;nac&#8220; width=&#8220;2\/12&#8243;][vc_raw_html]JTNDYSUyMGhyZWYlM0QlMjIlMkZtYXJrZW4tbWFlcmt0ZSUyRiUyMiUzRSUzQ2ltZyUyMHN0eWxlJTNEJTIyZGlzcGxheSUzQSUyMGJsb2NrJTNCJTBBbWFyZ2luJTNBJTIwYXV0byUzQiUyMiUyMHNyYyUzRCUyMiUyRndwLWNvbnRlbnQlMkZ1cGxvYWRzJTJGMjAxNSUyRjA3JTJGTGVuaGFydF9JY29uc19FbnR3dXJmc3JlaWhlXzFfZWluemVsbi0wNi5wbmclMjIlMjBhbHQlM0QlMjIlMjIlMjBvbm1vdXNlb3ZlciUzRCUwQSUyMnNyYyUzRCUyNyUyRndwLWNvbnRlbnQlMkZ1cGxvYWRzJTJGMjAxNSUyRjA3JTJGTGVuaGFydF9JY29uc19FbnR3dXJmc3JlaWhlXzFfZWluemVsbl9ob3ZlLTExLnBuZyUyNyUyMiUyMG9ubW91c2VvdXQlM0QlMjJzcmMlM0QlMjclMkZ3cC1jb250ZW50JTJGdXBsb2FkcyUyRjIwMTUlMkYwNyUyRkxlbmhhcnRfSWNvbnNfRW50d3VyZnNyZWloZV8xX2VpbnplbG4tMDYucG5nJTI3JTIyJTIwd2lkdGglM0QlMjI5MHB4JTIyJTIwaGVpZ2h0JTNEJTIyOTBweCUyMiUyRiUzRSUzQyUyRmElM0UlM0NiciUyRiUzRSUwQSUzQ3AlMjBzdHlsZSUzRCUyMnRleHQtYWxpZ24lM0ElMjBjZW50ZXIlM0IlMjBmb250LXNpemUlM0ElMjAxMnB4JTNCJTIyJTNFJTNDYSUyMGhyZWYlM0QlMjIlMkZtYXJrZW4tbWFlcmt0ZSUyRiUyMiUzRU1BUktFTiUyMCUyNmFtcCUzQiUyME0lQzMlODRSS1RFJTNDJTJGYSUzRSUzQyUyRnAlM0U=[\/vc_raw_html][\/vc_column_inner][vc_column_inner el_class=&#8220;mar&#8220; width=&#8220;2\/12&#8243;][vc_raw_html]JTNDYSUyMGhyZWYlM0QlMjIlMkZuYWNoaGFsdGlna2VpdCUyRiUyMiUzRSUzQ2ltZyUyMHN0eWxlJTNEJTIyZGlzcGxheSUzQSUyMGJsb2NrJTNCJTBBbWFyZ2luJTNBJTIwYXV0byUzQiUyMiUyMHNyYyUzRCUyMiUyRndwLWNvbnRlbnQlMkZ1cGxvYWRzJTJGMjAxNSUyRjA3JTJGTGVuaGFydF9JY29uc19FbnR3dXJmc3JlaWhlXzFfZWluemVsbi0wMS5wbmclMjIlMjBhbHQlM0QlMjIlMjIlMjBvbm1vdXNlb3ZlciUzRCUwQSUyMnNyYyUzRCUyNyUyRndwLWNvbnRlbnQlMkZ1cGxvYWRzJTJGMjAxNSUyRjA3JTJGTGVuaGFydF9JY29uc19FbnR3dXJmc3JlaWhlXzFfZWluemVsbl9ob3ZlLTE3LnBuZyUyNyUyMiUyMG9ubW91c2VvdXQlM0QlMjJzcmMlM0QlMjclMkZ3cC1jb250ZW50JTJGdXBsb2FkcyUyRjIwMTUlMkYwNyUyRkxlbmhhcnRfSWNvbnNfRW50d3VyZnNyZWloZV8xX2VpbnplbG4tMDEucG5nJTI3JTIyJTIwd2lkdGglM0QlMjI5MHB4JTIyJTIwaGVpZ2h0JTNEJTIyOTBweCUyMiUyRiUzRSUzQyUyRmElM0UlM0NiciUyRiUzRSUwQSUzQ3AlMjBzdHlsZSUzRCUyMnRleHQtYWxpZ24lM0ElMjBjZW50ZXIlM0IlMjBmb250LXNpemUlM0ElMjAxMnB4JTNCJTIyJTNFJTNDYSUyMGhyZWYlM0QlMjIlMkZuYWNoaGFsdGlna2VpdCUyRiUyMiUzRU5BQ0hIQUxUSUdLRUlUJTNDJTJGYSUzRSUzQyUyRnAlM0U=[\/vc_raw_html][\/vc_column_inner][\/vc_row_inner][\/vc_column][\/vc_row][vc_row content_placement=&#8220;middle&#8220; row_id=&#8220;marken&#8220; css=&#8220;.vc_custom_1500543486286{padding-top: 135px !important;}&#8220; el_class=&#8220;nom&#8220;][vc_column el_class=&#8220;nom&#8220;][vc_raw_html]JTNDaW1nJTIwc3R5bGUlM0QlMjJkaXNwbGF5JTNBJTIwYmxvY2slM0IlMEFtYXJnaW4lM0ElMjBhdXRvJTNCJTIyJTIwc3JjJTNEJTIyJTJGd3AtY29udGVudCUyRnVwbG9hZHMlMkYyMDE1JTJGMDclMkZMZW5oYXJ0X0ljb25zX0VudHd1cmZzcmVpaGVfMV9laW56ZWxuLTA1LnBuZyUyMiUyMGFsdCUzRCUyMiUyMiUyMHdpZHRoJTNEJTIyOTBweCUyMiUyMGhlaWdodCUzRCUyMjkwcHglMjIlMkYlM0UlM0NiciUyRiUzRSUwQQ==[\/vc_raw_html][vc_column_text css=&#8220;.vc_custom_1505811174747{padding-top: 50px !important;}&#8220;]\n<h2 id=\"marken\" style=\"margin-bottom: 5px; text-align: center;\"><\/h2>\n<h1 style=\"text-align: center; letter-spacing: 7px; margin-bottom: 20px; line-height: 55px;\"><span style=\"color: #000000;\">UNSERE <\/span><span style=\"color: #000000; line-height: 55px;\">MARKEN<\/span><\/h1>\n<h2 style=\"text-align: center; font-size: 20px; letter-spacing: 7px;\">EIGENMARKEN VON LENHART<\/h2>\n<p>Mit \u00fcber 1000 verschiedenen kosmetischen Erzeugnissen im Programm kann man das Wort \u201eKundenn\u00e4he\u201c auch einmal ganz anders deuten \u2013 unsere K\u00f6rperpflegeprodukte sind im wahrsten Sinne des Wortes ganz nah dran am Konsumenten und an seinem t\u00e4glichen Bedarf.<\/p>\n<p>Wir wollen die Kunden mit einem klaren Produktprofil, Topqualit\u00e4t und gutem Preis-Leistungs-Verh\u00e4ltnis \u00fcberzeugen. Mit unserer stetig wachsenden Produktpalette reagieren wir flexibel auf ver\u00e4nderte M\u00e4rkte und erschlie\u00dfen kontinuierlich neue Segmente. Dabei orientieren wir uns stets an den aktuellen Trends sowie an den Anforderungen des Handels.[\/vc_column_text][\/vc_column][\/vc_row][vc_row type=&#8220;full_width_content&#8220; css=&#8220;.vc_custom_1500543125549{margin-top: 80px !important;padding-bottom: 100px !important;}&#8220; el_class=&#8220;nom&#8220;][vc_column el_class=&#8220;nom&#8220;][vc_row_inner content_placement=&#8220;middle&#8220;][vc_column_inner width=&#8220;1\/3&#8243;]<div class=\"caption-style1  center  thb_image_link wp-caption\"><a  href=\"https:\/\/www.lenhart-kosmetik.de\/alpi-fresh\/\" target=\"_self\" title=\"\"><img decoding=\"async\" class=\"thb_image  \" src=\"https:\/\/www.lenhart-kosmetik.de\/wp-content\/uploads\/2016\/09\/alpi-150x150.png\" width=\"150\" height=\"150\" alt=\"alpi\" title=\"alpi\" loading=\"lazy\" \/><\/a><\/div>[\/vc_column_inner][vc_column_inner width=&#8220;1\/3&#8243;]<div class=\"caption-style1  center  thb_image_link wp-caption\"><a  href=\"https:\/\/www.lenhart-kosmetik.de\/lara-bellucci-2\/\" target=\"_self\" title=\"\"><img decoding=\"async\" class=\"thb_image  \" src=\"https:\/\/www.lenhart-kosmetik.de\/wp-content\/uploads\/2016\/09\/Lara-bellucci-150x150.png\" width=\"150\" height=\"150\" alt=\"lara-bellucci\" title=\"lara-bellucci\" loading=\"lazy\" \/><\/a><\/div>[\/vc_column_inner][vc_column_inner width=&#8220;1\/3&#8243;]<div class=\"caption-style1  center  thb_image_link wp-caption\"><a  href=\"https:\/\/www.lenhart-kosmetik.de\/teeprosyn\/\" target=\"_self\" title=\"\"><img decoding=\"async\" class=\"thb_image  \" src=\"https:\/\/www.lenhart-kosmetik.de\/wp-content\/uploads\/2016\/09\/teeprosyn-150x150.png\" width=\"150\" height=\"150\" alt=\"teeprosyn\" title=\"teeprosyn\" loading=\"lazy\" \/><\/a><\/div>[\/vc_column_inner][\/vc_row_inner][\/vc_column][\/vc_row][vc_row row_id=&#8220;kontakt&#8220; type=&#8220;full_width_background&#8220; css=&#8220;.vc_custom_1500544226418{padding-top: 160px !important;padding-bottom: 100px !important;background-color: #f5f5f5 !important;}&#8220;][vc_column][vc_column_text]\n<h1 id=\"kontakt\" style=\"text-align: center; letter-spacing: 7px; line-height: 5px;\"><span style=\"color: #000000;\">KONTAKT<\/span><\/h1>\n<h2 style=\"text-align: center; font-size: 20px; letter-spacing: 7px;\">NEHMEN SIE KONTAKT AUF<\/h2>\n[\/vc_column_text]<div class=\"caption-style1  alignleft  thb_image_link wp-caption\"><img loading=\"lazy\" decoding=\"async\" width=\"1236\" height=\"423\" src=\"https:\/\/www.lenhart-kosmetik.de\/wp-content\/uploads\/2014\/11\/Karte.jpg\" class=\"thb_image  attachment-full\" alt=\"\" title=\"karte\" srcset=\"https:\/\/www.lenhart-kosmetik.de\/wp-content\/uploads\/2014\/11\/Karte.jpg 1236w, https:\/\/www.lenhart-kosmetik.de\/wp-content\/uploads\/2014\/11\/Karte-1000x342.jpg 1000w, https:\/\/www.lenhart-kosmetik.de\/wp-content\/uploads\/2014\/11\/Karte-768x263.jpg 768w\" sizes=\"auto, (max-width: 1236px) 100vw, 1236px\" \/><\/div>[vc_column_text css=&#8220;&#8220;]\n<h3 style=\"letter-spacing: unset !important;\">Rudolf Lenhart<br \/>\n<span style=\"text-transform: capitalize !important;\">GmbH &amp; Co. KG<\/span><\/h3>\n<p>Liststra\u00dfe 2-4 |71336 Waiblingen-Neustadt<br \/>\nTel. 07151 98702-30 | Fax 07151 98702-59 | <a href=\"mailto:info@lenhart.de\">info@lenhart.de<\/a>[\/vc_column_text][\/vc_column][\/vc_row][vc_row][vc_column][\/vc_column][\/vc_row]\n<\/div>","protected":false},"excerpt":{"rendered":"<p>[vc_row type=&#8220;full_width_background&#8220; enable_parallax=&#8220;false&#8220; parallax_direction=&#8220;down&#8220; css=&#8220;.vc_custom_1467270636041{background-position: center !important;background-repeat: no-repeat !important;background-size: cover !important;}&#8220;][vc_column][\/vc_column][\/vc_row][vc_row][vc_column][rev_slider_vc alias=&#8220;startseite_res&#8220;][\/vc_column][\/vc_row][vc_row row_id=&#8220;ueber&#8220; css=&#8220;.vc_custom_1500389917877{padding-top: 150px !important;}&#8220;][vc_column][vc_column_text css=&#8220;&#8220;] WILLKOMMEN BEI LENHART KOSMETIK Mit \u00fcber 50 Jahren&hellip;<\/p>\n","protected":false},"author":1,"featured_media":0,"parent":0,"menu_order":0,"comment_status":"closed","ping_status":"closed","template":"","meta":{"footnotes":""},"class_list":["post-1846","page","type-page","status-publish","hentry"],"_links":{"self":[{"href":"https:\/\/www.lenhart-kosmetik.de\/de\/wp-json\/wp\/v2\/pages\/1846","targetHints":{"allow":["GET"]}}],"collection":[{"href":"https:\/\/www.lenhart-kosmetik.de\/de\/wp-json\/wp\/v2\/pages"}],"about":[{"href":"https:\/\/www.lenhart-kosmetik.de\/de\/wp-json\/wp\/v2\/types\/page"}],"author":[{"embeddable":true,"href":"https:\/\/www.lenhart-kosmetik.de\/de\/wp-json\/wp\/v2\/users\/1"}],"replies":[{"embeddable":true,"href":"https:\/\/www.lenhart-kosmetik.de\/de\/wp-json\/wp\/v2\/comments?post=1846"}],"version-history":[{"count":412,"href":"https:\/\/www.lenhart-kosmetik.de\/de\/wp-json\/wp\/v2\/pages\/1846\/revisions"}],"predecessor-version":[{"id":6684,"href":"https:\/\/www.lenhart-kosmetik.de\/de\/wp-json\/wp\/v2\/pages\/1846\/revisions\/6684"}],"wp:attachment":[{"href":"https:\/\/www.lenhart-kosmetik.de\/de\/wp-json\/wp\/v2\/media?parent=1846"}],"curies":[{"name":"wp","href":"https:\/\/api.w.org\/{rel}","templated":true}]}}