{"id":2870,"date":"2015-07-21T11:38:43","date_gmt":"2015-07-21T09:38:43","guid":{"rendered":"https:\/\/www.lenhart-kosmetik.de\/\/?page_id=2870"},"modified":"2019-05-16T14:57:36","modified_gmt":"2019-05-16T12:57:36","slug":"entwicklung","status":"publish","type":"page","link":"https:\/\/www.lenhart-kosmetik.de\/de\/entwicklung\/","title":{"rendered":"ENTWICKLUNG"},"content":{"rendered":"<div class=\"wpb-content-wrapper\">[vc_row css=&#8220;.vc_custom_1505809476700{background-color: rgba(85,159,153,0.1) !important;*background-color: rgb(85,159,153) !important;}&#8220;][vc_column][rev_slider_vc alias=&#8220;entwicklung&#8220;][\/vc_column][\/vc_row][vc_row type=&#8220;full_width_background&#8220; css=&#8220;.vc_custom_1479224674158{padding-bottom: 100px !important;background-color: rgba(85,159,153,0.1) !important;*background-color: rgb(85,159,153) !important;}&#8220;][vc_column][vc_raw_html css=&#8220;.vc_custom_1548671161657{padding-top: 50px !important;padding-bottom: 50px !important;}&#8220;]JTNDaW1nJTIwc3R5bGUlM0QlMjJkaXNwbGF5JTNBJTIwYmxvY2slM0IlMEFtYXJnaW4lM0ElMjBhdXRvJTNCJTIyJTIwc3JjJTNEJTIyJTJGd3AtY29udGVudCUyRnVwbG9hZHMlMkYyMDE1JTJGMDclMkZMZW5oYXJ0X0ljb25zX0VudHd1cmZzcmVpaGVfMV9laW56ZWxuLTAyLnBuZyUyMiUyMGFsdCUzRCUyMiUyMiUyMHdpZHRoJTNEJTIyOTBweCUyMiUyMGhlaWdodCUzRCUyMjkwcHglMjIlMkYlM0UlM0NiciUyRiUzRQ==[\/vc_raw_html][vc_column_text]\n<h1 style=\"text-align: center; letter-spacing: 7px;\"><span style=\"color: #00a09a;\">ENTWICKLUNG<\/span><\/h1>\n<h2 style=\"text-align: center; font-size: 20px; letter-spacing: 7px;\">FORSCHUNG &amp; ENTWICKLUNG<\/h2>\n[\/vc_column_text][vc_column_text]<strong>Forschung und Entwicklung von kosmetischen Produkten<\/strong><\/p>\n<p style=\"text-align: left;\">Unser Erfolgskonzept? &#8211; Die Chemie muss stimmen.<br \/>\nEin eingespieltes Team aus Chemikern und Chemieassistenten entwickelt gerne f\u00fcr Sie individuelle Rezepturen nach Ihren W\u00fcnschen.<\/p>\n<p style=\"text-align: left;\">Sie k\u00f6nnen Ihre Produktidee zum einen aus dem umfangreichen Repertoire marktreifer Eigenrezepturen ausw\u00e4hlen oder Ihre Exklusivrezeptur erstellen lassen.<\/p>\n<p style=\"text-align: left;\">Unseren Mitarbeitern stehen aktuell \u00fcber 1000 Rohstoffe zur Verf\u00fcgung.<br \/>\nIm Austausch mit Lieferanten werden kontinuierlich innovative kosmetische Formulierungen neu erarbeitet.<br \/>\nNeben den Neuentwicklungen werden auch bestehende Produkte regelm\u00e4\u00dfig \u00fcberarbeitet und aktualisiert, um den gesetzlichen Anforderungen\u00a0und\u00a0ver\u00e4nderten Verbraucherverhalten gerecht zu werden.<\/p>\n<p style=\"text-align: left;\">Nutzen\u00a0Sie die langj\u00e4hrige\u00a0Erfahrung\u00a0und die Innovationen am Markt, damit Ihre Produktidee erfolgreich\u00a0umgesetzt wird.<\/p>\n[\/vc_column_text][vc_column_text css=&#8220;.vc_custom_1503385574626{padding-top: 50px !important;}&#8220;]\n<p style=\"text-align: left;\"><strong>Wir bieten Ihnen kosmetische Formulierungen in den Kategorien:<\/strong><br \/>\nTenside (Duschen, Shampoos, Seifen)<br \/>\nEmulsion (O\/W und W\/O)<br \/>\nGele, Wachse<\/p>\n[\/vc_column_text][vc_column_text css=&#8220;.vc_custom_1503385593366{padding-top: 50px !important;}&#8220;]\n<p style=\"text-align: left;\"><strong>Wir bieten Ihnen folgenden Service im Entwicklungsbereich an:<\/strong><br \/>\nRohstoffauswahl<br \/>\nErstellung der kosmetischen Formulierung<br \/>\nInformationen hinsichtlich Werbeaussagen<br \/>\nErstellung der Ingredientslisten nach KVO<br \/>\nErstellung der Spezifikationen<br \/>\nStabilit\u00e4tstests<br \/>\nKeimbelastungstest<br \/>\nDermatologischer Test<br \/>\nAnwendertests<br \/>\nSicherheitsbericht der fertigen Formulierung nach KVO-EU<br \/>\nNotifizierung bei CPNP<br \/>\nErstellung der Produktinformationsdatei nach KVO-EU<\/p>\n[\/vc_column_text][\/vc_column][\/vc_row][vc_row css=&#8220;.vc_custom_1479224664228{padding-top: 100px !important;padding-bottom: 100px !important;}&#8220;][vc_column][vc_column_text]\n<h2 style=\"margin-bottom: 5px; text-align: center;\">WEITERE KOMPETENZEN<\/h2>\n<p style=\"text-align: center;\"><span style=\"color: #111; font-size: 16px; font-weight: 300;\">S E I T\u00a0\u00a0 \u00a0 \u00dc B E R\u00a0\u00a0 \u00a0 5 0 \u00a0 J A H R E N\u00a0 \u00a0 Q U A L I T \u00c4 T<br \/>\n<\/span><\/p>\n[\/vc_column_text][vc_row_inner css=&#8220;.vc_custom_1472826280012{padding-top: 50px !important;}&#8220;][vc_column_inner width=&#8220;1\/12&#8243;][\/vc_column_inner][vc_column_inner el_class=&#8220;pro&#8220; width=&#8220;2\/12&#8243;][vc_raw_html el_class=&#8220;pro&#8220;]JTNDYSUyMGhyZWYlM0QlMjIlMkZwcm9kdWt0aW9uJTJGJTIyJTNFJTNDaW1nJTIwc3R5bGUlM0QlMjJkaXNwbGF5JTNBJTIwYmxvY2slM0IlMEFtYXJnaW4lM0ElMjBhdXRvJTNCJTIyJTIwc3JjJTNEJTIyJTJGd3AtY29udGVudCUyRnVwbG9hZHMlMkYyMDE1JTJGMDclMkZMZW5oYXJ0X0ljb25zX0VudHd1cmZzcmVpaGVfMV9laW56ZWxuLTAzLnBuZyUyMiUyMGFsdCUzRCUyMiUyMiUyMG9ubW91c2VvdmVyJTNEJTBBJTIyc3JjJTNEJTI3JTJGd3AtY29udGVudCUyRnVwbG9hZHMlMkYyMDE1JTJGMDclMkZMZW5oYXJ0X0ljb25zX0VudHd1cmZzcmVpaGVfMV9laW56ZWxuX2hvdmUtMTUucG5nJTI3JTIyJTIwb25tb3VzZW91dCUzRCUyMnNyYyUzRCUyNyUyRndwLWNvbnRlbnQlMkZ1cGxvYWRzJTJGMjAxNSUyRjA3JTJGTGVuaGFydF9JY29uc19FbnR3dXJmc3JlaWhlXzFfZWluemVsbi0wMy5wbmclMjclMjIlMjB3aWR0aCUzRCUyMjkwcHglMjIlMjBoZWlnaHQlM0QlMjI5MHB4JTIyJTJGJTNFJTNDJTJGYSUzRSUzQ2JyJTJGJTNFJTBBJTNDcCUyMHN0eWxlJTNEJTIydGV4dC1hbGlnbiUzQSUyMGNlbnRlciUzQiUyMGZvbnQtc2l6ZSUzQSUyMDEycHglM0IlMjIlM0UlM0NhJTIwaHJlZiUzRCUyMiUyRnByb2R1a3Rpb24lMkYlMjIlM0VQUk9EVUtUSU9OJTNDJTJGYSUzRSUzQyUyRnAlM0U=[\/vc_raw_html][\/vc_column_inner][vc_column_inner el_class=&#8220;die&#8220; width=&#8220;2\/12&#8243;][vc_raw_html]JTNDYSUyMGhyZWYlM0QlMjIlMkZkaWVuc3RsZWlzdHVuZ2VuJTJGJTIyJTNFJTNDaW1nJTIwc3R5bGUlM0QlMjJkaXNwbGF5JTNBJTIwYmxvY2slM0IlMEFtYXJnaW4lM0ElMjBhdXRvJTNCJTIyJTIwc3JjJTNEJTIyJTJGd3AtY29udGVudCUyRnVwbG9hZHMlMkYyMDE1JTJGMDclMkZMZW5oYXJ0X0ljb25zX0VudHd1cmZzcmVpaGVfMV9laW56ZWxuLTA0LnBuZyUyMiUyMGFsdCUzRCUyMiUyMiUyMG9ubW91c2VvdmVyJTNEJTBBJTIyc3JjJTNEJTI3JTJGd3AtY29udGVudCUyRnVwbG9hZHMlMkYyMDE1JTJGMDclMkZMZW5oYXJ0X0ljb25zX0VudHd1cmZzcmVpaGVfMV9laW56ZWxuX2hvdmUtMTQucG5nJTI3JTIyJTIwb25tb3VzZW91dCUzRCUyMnNyYyUzRCUyNyUyRndwLWNvbnRlbnQlMkZ1cGxvYWRzJTJGMjAxNSUyRjA3JTJGTGVuaGFydF9JY29uc19FbnR3dXJmc3JlaWhlXzFfZWluemVsbi0wNC5wbmclMjclMjIlMjB3aWR0aCUzRCUyMjkwcHglMjIlMjBoZWlnaHQlM0QlMjI5MHB4JTIyJTJGJTNFJTNDJTJGYSUzRSUzQ2JyJTJGJTNFJTBBJTNDcCUyMHN0eWxlJTNEJTIydGV4dC1hbGlnbiUzQSUyMGNlbnRlciUzQiUyMGZvbnQtc2l6ZSUzQSUyMDEycHglM0IlMjIlM0UlM0NhJTIwaHJlZiUzRCUyMiUyRmRpZW5zdGxlaXN0dW5nZW4lMkYlMjIlM0VESUVOU1RMRUlTVFVOR0VOJTNDJTJGYSUzRSUzQyUyRnAlM0U=[\/vc_raw_html][\/vc_column_inner][vc_column_inner el_class=&#8220;nac&#8220; width=&#8220;2\/12&#8243;][vc_raw_html]JTNDYSUyMGhyZWYlM0QlMjIlMkZxdWFsaXRhZXRzcG9saXRpayUyRiUyMiUzRSUzQ2ltZyUyMHN0eWxlJTNEJTIyZGlzcGxheSUzQSUyMGJsb2NrJTNCJTBBbWFyZ2luJTNBJTIwYXV0byUzQiUyMiUyMHNyYyUzRCUyMiUyRndwLWNvbnRlbnQlMkZ1cGxvYWRzJTJGMjAxNSUyRjA3JTJGUXVhbGl0YWV0X2RhcmsucG5nJTIyJTIwYWx0JTNEJTIyJTIyJTIwb25tb3VzZW92ZXIlM0QlMEElMjJzcmMlM0QlMjclMkZ3cC1jb250ZW50JTJGdXBsb2FkcyUyRjIwMTUlMkYwNyUyRlF1YWxpdGFldF9saWdodC5wbmclMjclMjIlMjBvbm1vdXNlb3V0JTNEJTIyc3JjJTNEJTI3JTJGd3AtY29udGVudCUyRnVwbG9hZHMlMkYyMDE1JTJGMDclMkZRdWFsaXRhZXRfZGFyay5wbmclMjclMjIlMjB3aWR0aCUzRCUyMjkwcHglMjIlMjBoZWlnaHQlM0QlMjI5MHB4JTIyJTJGJTNFJTNDJTJGYSUzRSUzQ2JyJTJGJTNFJTBBJTNDcCUyMHN0eWxlJTNEJTIydGV4dC1hbGlnbiUzQSUyMGNlbnRlciUzQiUyMGZvbnQtc2l6ZSUzQSUyMDEycHglM0IlMjIlM0UlM0NhJTIwaHJlZiUzRCUyMiUyRnF1YWxpdGFldHNwb2xpdGlrJTJGJTIyJTNFUVVBTElUJUMzJTg0VFNQT0xJVElLJTNDJTJGYSUzRSUzQyUyRnAlM0U=[\/vc_raw_html][\/vc_column_inner][vc_column_inner el_class=&#8220;mar&#8220; width=&#8220;2\/12&#8243;][vc_raw_html]JTNDYSUyMGhyZWYlM0QlMjIlMkZtYXJrZW4tbWFlcmt0ZSUyRiUyMiUzRSUzQ2ltZyUyMHN0eWxlJTNEJTIyZGlzcGxheSUzQSUyMGJsb2NrJTNCJTBBbWFyZ2luJTNBJTIwYXV0byUzQiUyMiUyMHNyYyUzRCUyMiUyRndwLWNvbnRlbnQlMkZ1cGxvYWRzJTJGMjAxNSUyRjA3JTJGTGVuaGFydF9JY29uc19FbnR3dXJmc3JlaWhlXzFfZWluemVsbi0wNi5wbmclMjIlMjBhbHQlM0QlMjIlMjIlMjBvbm1vdXNlb3ZlciUzRCUwQSUyMnNyYyUzRCUyNyUyRndwLWNvbnRlbnQlMkZ1cGxvYWRzJTJGMjAxNSUyRjA3JTJGTGVuaGFydF9JY29uc19FbnR3dXJmc3JlaWhlXzFfZWluemVsbl9ob3ZlLTExLnBuZyUyNyUyMiUyMG9ubW91c2VvdXQlM0QlMjJzcmMlM0QlMjclMkZ3cC1jb250ZW50JTJGdXBsb2FkcyUyRjIwMTUlMkYwNyUyRkxlbmhhcnRfSWNvbnNfRW50d3VyZnNyZWloZV8xX2VpbnplbG4tMDYucG5nJTI3JTIyJTIwd2lkdGglM0QlMjI5MHB4JTIyJTIwaGVpZ2h0JTNEJTIyOTBweCUyMiUyRiUzRSUzQyUyRmElM0UlM0NiciUyRiUzRSUwQSUzQ3AlMjBzdHlsZSUzRCUyMnRleHQtYWxpZ24lM0ElMjBjZW50ZXIlM0IlMjBmb250LXNpemUlM0ElMjAxMnB4JTNCJTIyJTNFJTNDYSUyMGhyZWYlM0QlMjIlMkZtYXJrZW4tbWFlcmt0ZSUyRiUyMiUzRU1BUktFTiUyMCUyNmFtcCUzQiUyME0lQzMlODRSS1RFJTNDJTJGYSUzRSUzQyUyRnAlM0U=[\/vc_raw_html][\/vc_column_inner][vc_column_inner width=&#8220;2\/12&#8243;][vc_raw_html]JTNDYSUyMGhyZWYlM0QlMjIlMkZuYWNoaGFsdGlna2VpdCUyRiUyMiUzRSUzQ2ltZyUyMHN0eWxlJTNEJTIyZGlzcGxheSUzQSUyMGJsb2NrJTNCJTBBbWFyZ2luJTNBJTIwYXV0byUzQiUyMiUyMHNyYyUzRCUyMiUyRndwLWNvbnRlbnQlMkZ1cGxvYWRzJTJGMjAxNSUyRjA3JTJGTGVuaGFydF9JY29uc19FbnR3dXJmc3JlaWhlXzFfZWluemVsbi0wMS5wbmclMjIlMjBhbHQlM0QlMjIlMjIlMjBvbm1vdXNlb3ZlciUzRCUwQSUyMnNyYyUzRCUyNyUyRndwLWNvbnRlbnQlMkZ1cGxvYWRzJTJGMjAxNSUyRjA3JTJGTGVuaGFydF9JY29uc19FbnR3dXJmc3JlaWhlXzFfZWluemVsbl9ob3ZlLTE3LnBuZyUyNyUyMiUyMG9ubW91c2VvdXQlM0QlMjJzcmMlM0QlMjclMkZ3cC1jb250ZW50JTJGdXBsb2FkcyUyRjIwMTUlMkYwNyUyRkxlbmhhcnRfSWNvbnNfRW50d3VyZnNyZWloZV8xX2VpbnplbG4tMDEucG5nJTI3JTIyJTIwd2lkdGglM0QlMjI5MHB4JTIyJTIwaGVpZ2h0JTNEJTIyOTBweCUyMiUyRiUzRSUzQyUyRmElM0UlM0NiciUyRiUzRSUwQSUzQ3AlMjBzdHlsZSUzRCUyMnRleHQtYWxpZ24lM0ElMjBjZW50ZXIlM0IlMjBmb250LXNpemUlM0ElMjAxMnB4JTNCJTIyJTNFJTNDYSUyMGhyZWYlM0QlMjIlMkZuYWNoaGFsdGlna2VpdCUyRiUyMiUzRU5BQ0hIQUxUSUdLRUlUJTNDJTJGYSUzRSUzQyUyRnAlM0U=[\/vc_raw_html][\/vc_column_inner][vc_column_inner width=&#8220;1\/12&#8243;][\/vc_column_inner][\/vc_row_inner][\/vc_column][\/vc_row]\n<\/div>","protected":false},"excerpt":{"rendered":"<p>[vc_row css=&#8220;.vc_custom_1505809476700{background-color: rgba(85,159,153,0.1) !important;*background-color: rgb(85,159,153) !important;}&#8220;][vc_column][rev_slider_vc alias=&#8220;entwicklung&#8220;][\/vc_column][\/vc_row][vc_row type=&#8220;full_width_background&#8220; css=&#8220;.vc_custom_1479224674158{padding-bottom: 100px !important;background-color: rgba(85,159,153,0.1) !important;*background-color: rgb(85,159,153) !important;}&#8220;][vc_column][vc_raw_html css=&#8220;.vc_custom_1548671161657{padding-top: 50px !important;padding-bottom: 50px !important;}&#8220;]JTNDaW1nJTIwc3R5bGUlM0QlMjJkaXNwbGF5JTNBJTIwYmxvY2slM0IlMEFtYXJnaW4lM0ElMjBhdXRvJTNCJTIyJTIwc3JjJTNEJTIyJTJGd3AtY29udGVudCUyRnVwbG9hZHMlMkYyMDE1JTJGMDclMkZMZW5oYXJ0X0ljb25zX0VudHd1cmZzcmVpaGVfMV9laW56ZWxuLTAyLnBuZyUyMiUyMGFsdCUzRCUyMiUyMiUyMHdpZHRoJTNEJTIyOTBweCUyMiUyMGhlaWdodCUzRCUyMjkwcHglMjIlMkYlM0UlM0NiciUyRiUzRQ==[\/vc_raw_html][vc_column_text] ENTWICKLUNG FORSCHUNG &amp; ENTWICKLUNG [\/vc_column_text][vc_column_text]Forschung&hellip;<\/p>\n","protected":false},"author":1,"featured_media":0,"parent":0,"menu_order":3,"comment_status":"closed","ping_status":"closed","template":"","meta":{"footnotes":""},"class_list":["post-2870","page","type-page","status-publish","hentry"],"_links":{"self":[{"href":"https:\/\/www.lenhart-kosmetik.de\/de\/wp-json\/wp\/v2\/pages\/2870","targetHints":{"allow":["GET"]}}],"collection":[{"href":"https:\/\/www.lenhart-kosmetik.de\/de\/wp-json\/wp\/v2\/pages"}],"about":[{"href":"https:\/\/www.lenhart-kosmetik.de\/de\/wp-json\/wp\/v2\/types\/page"}],"author":[{"embeddable":true,"href":"https:\/\/www.lenhart-kosmetik.de\/de\/wp-json\/wp\/v2\/users\/1"}],"replies":[{"embeddable":true,"href":"https:\/\/www.lenhart-kosmetik.de\/de\/wp-json\/wp\/v2\/comments?post=2870"}],"version-history":[{"count":98,"href":"https:\/\/www.lenhart-kosmetik.de\/de\/wp-json\/wp\/v2\/pages\/2870\/revisions"}],"predecessor-version":[{"id":5699,"href":"https:\/\/www.lenhart-kosmetik.de\/de\/wp-json\/wp\/v2\/pages\/2870\/revisions\/5699"}],"wp:attachment":[{"href":"https:\/\/www.lenhart-kosmetik.de\/de\/wp-json\/wp\/v2\/media?parent=2870"}],"curies":[{"name":"wp","href":"https:\/\/api.w.org\/{rel}","templated":true}]}}