{"id":2902,"date":"2015-07-21T12:25:57","date_gmt":"2015-07-21T10:25:57","guid":{"rendered":"https:\/\/www.lenhart-kosmetik.de\/\/?page_id=2902"},"modified":"2019-05-16T15:11:08","modified_gmt":"2019-05-16T13:11:08","slug":"produktion","status":"publish","type":"page","link":"https:\/\/www.lenhart-kosmetik.de\/de\/produktion\/","title":{"rendered":"PRODUKTION"},"content":{"rendered":"<div class=\"wpb-content-wrapper\">[vc_row][vc_column][rev_slider_vc alias=&#8220;produktion&#8220;][\/vc_column][\/vc_row][vc_row type=&#8220;full_width_background&#8220; css=&#8220;.vc_custom_1479225177553{padding-bottom: 100px !important;background-color: rgba(215,177,77,0.2) !important;*background-color: rgb(215,177,77) !important;}&#8220;][vc_column][vc_raw_html css=&#8220;.vc_custom_1548674616904{padding-top: 50px !important;padding-bottom: 50px !important;}&#8220;]JTNDaW1nJTIwc3R5bGUlM0QlMjJkaXNwbGF5JTNBJTIwYmxvY2slM0IlMEFtYXJnaW4lM0ElMjBhdXRvJTNCJTIyJTIwc3JjJTNEJTIyJTJGd3AtY29udGVudCUyRnVwbG9hZHMlMkYyMDE1JTJGMDclMkZMZW5oYXJ0X0ljb25zX0VudHd1cmZzcmVpaGVfMV9laW56ZWxuLTAzLnBuZyUyMiUyMGFsdCUzRCUyMiUyMiUyMHdpZHRoJTNEJTIyOTBweCUyMiUyMGhlaWdodCUzRCUyMjkwcHglMjIlMkYlM0UlM0NiciUyRiUzRSUwQQ==[\/vc_raw_html][vc_column_text]\n<h1 style=\"text-align: center; letter-spacing: 7px; line-height: 5px;\"><span style=\"color: #d7b14d;\">PRODUKTION<\/span><\/h1>\n<h2 style=\"text-align: center; font-size: 20px; letter-spacing: 7px;\">KAPAZIT\u00c4T &amp; QUALIT\u00c4T<\/h2>\n[\/vc_column_text][vc_column_text]\n<p style=\"text-align: left;\">Was in unserer Zertifizierung nach ISO 9001 dokumentiert wurde, wissen unsere Kunden schon lange: \u201eMade by Lenhart\u201c steht f\u00fcr Qualit\u00e4t und Wirtschaftlichkeit.<br \/>\nS\u00e4mtliche Produktionsbereiche unterliegen strengen Sicherheitsstandards und einer st\u00e4ndigen Kontrolle &#8211; vom Ansatz der Basisstoffe \u00fcber die Mischeinheiten bis hin zu den verschiedensten Abf\u00fcll- und Etikettiersystemen.<br \/>\nDurch eine hohe Fertigungs- und Verarbeitungstiefe, flexible Produktion und neueste, modernste Technologie, k\u00f6nnen wir unseren Kunden attraktive Preise, hohe Kapazit\u00e4ten und schnelle Durchlaufzeiten bieten.<\/p>\n[\/vc_column_text][vc_column_text css=&#8220;.vc_custom_1503385847570{padding-top: 50px !important;}&#8220;]<strong>Produktions- \/ Abf\u00fclltechnik:<\/strong><br \/>\nMischanlagen f\u00fcr Kalt- \/ Heissemulgieren<br \/>\nContiprozessanlage<br \/>\nKalt- \/ Heissbef\u00fcllung<br \/>\nRundl\u00e4ufer mit Kolbendosierung und Induktivmessung<br \/>\nReihenf\u00fcller mit Kolbendosierung \/ Induktions- und Massedurchflussmesser<br \/>\nAbf\u00fcllung von Flaschen, Tuben, Tiegel, Beutel u. \u00c4.<br \/>\nEtikettierung<br \/>\nSleeving<br \/>\nKonfektionierung[\/vc_column_text][\/vc_column][\/vc_row][vc_row css=&#8220;.vc_custom_1467211052899{padding-top: 100px !important;padding-bottom: 100px !important;}&#8220;][vc_column][vc_column_text]\n<h2 style=\"margin-bottom: 5px; text-align: center;\">WEITERE KOMPETENZEN<\/h2>\n<p style=\"text-align: center;\"><span style=\"color: #111; font-size: 16px; font-weight: 300;\">S E I T\u00a0\u00a0 \u00a0 \u00dc B E R\u00a0\u00a0 \u00a0 5 0 \u00a0 J A H R E N \u00a0 \u00a0 Q U A L I T \u00c4 T<br \/>\n<\/span><\/p>\n[\/vc_column_text][vc_row_inner css=&#8220;.vc_custom_1472826280012{padding-top: 50px !important;}&#8220;][vc_column_inner width=&#8220;1\/12&#8243;][\/vc_column_inner][vc_column_inner el_class=&#8220;ent&#8220; width=&#8220;2\/12&#8243;][vc_raw_html]JTNDYSUyMGhyZWYlM0QlMjIlMkZlbnR3aWNrbHVuZyUyRiUyMiUzRSUzQ2ltZyUyMHN0eWxlJTNEJTIyZGlzcGxheSUzQSUyMGJsb2NrJTNCJTBBbWFyZ2luJTNBJTIwYXV0byUzQiUyMiUyMHNyYyUzRCUyMiUyRndwLWNvbnRlbnQlMkZ1cGxvYWRzJTJGMjAxNSUyRjA3JTJGTGVuaGFydF9JY29uc19FbnR3dXJmc3JlaWhlXzFfZWluemVsbi0wMi5wbmclMjIlMjBhbHQlM0QlMjIlMjIlMjBvbm1vdXNlb3ZlciUzRCUwQSUyMnNyYyUzRCUyNyUyRndwLWNvbnRlbnQlMkZ1cGxvYWRzJTJGMjAxNSUyRjA3JTJGTGVuaGFydF9JY29uc19FbnR3dXJmc3JlaWhlXzFfZWluemVsbl9ob3ZlLTE2LnBuZyUyNyUyMiUyMG9ubW91c2VvdXQlM0QlMjJzcmMlM0QlMjclMkZ3cC1jb250ZW50JTJGdXBsb2FkcyUyRjIwMTUlMkYwNyUyRkxlbmhhcnRfSWNvbnNfRW50d3VyZnNyZWloZV8xX2VpbnplbG4tMDIucG5nJTI3JTIyJTIwd2lkdGglM0QlMjI5MHB4JTIyJTIyJTIwaGVpZ2h0JTNEJTIyOTBweCUyMiUyRiUzRSUzQyUyRmElM0UlM0NiciUyRiUzRSUwQSUzQ3AlMjBzdHlsZSUzRCUyMnRleHQtYWxpZ24lM0ElMjBjZW50ZXIlM0IlMjBmb250LXNpemUlM0ElMjAxMnB4JTNCJTIyJTNFJTNDYSUyMGhyZWYlM0QlMjIlMkZlbnR3aWNrbHVuZyUyRiUyMiUzRUVOVFdJQ0tMVU5HJTNDJTJGYSUzRSUzQyUyRnAlM0U=[\/vc_raw_html][\/vc_column_inner][vc_column_inner el_class=&#8220;die&#8220; width=&#8220;2\/12&#8243;][vc_raw_html]JTNDYSUyMGhyZWYlM0QlMjIlMkZkaWVuc3RsZWlzdHVuZ2VuJTJGJTIyJTNFJTNDaW1nJTIwc3R5bGUlM0QlMjJkaXNwbGF5JTNBJTIwYmxvY2slM0IlMEFtYXJnaW4lM0ElMjBhdXRvJTNCJTIyJTIwc3JjJTNEJTIyJTJGd3AtY29udGVudCUyRnVwbG9hZHMlMkYyMDE1JTJGMDclMkZMZW5oYXJ0X0ljb25zX0VudHd1cmZzcmVpaGVfMV9laW56ZWxuLTA0LnBuZyUyMiUyMGFsdCUzRCUyMiUyMiUyMG9ubW91c2VvdmVyJTNEJTBBJTIyc3JjJTNEJTI3JTJGd3AtY29udGVudCUyRnVwbG9hZHMlMkYyMDE1JTJGMDclMkZMZW5oYXJ0X0ljb25zX0VudHd1cmZzcmVpaGVfMV9laW56ZWxuX2hvdmUtMTQucG5nJTI3JTIyJTIwb25tb3VzZW91dCUzRCUyMnNyYyUzRCUyNyUyRndwLWNvbnRlbnQlMkZ1cGxvYWRzJTJGMjAxNSUyRjA3JTJGTGVuaGFydF9JY29uc19FbnR3dXJmc3JlaWhlXzFfZWluemVsbi0wNC5wbmclMjclMjIlMjB3aWR0aCUzRCUyMjkwcHglMjIlMjBoZWlnaHQlM0QlMjI5MHB4JTIyJTJGJTNFJTNDJTJGYSUzRSUzQ2JyJTJGJTNFJTBBJTNDcCUyMHN0eWxlJTNEJTIydGV4dC1hbGlnbiUzQSUyMGNlbnRlciUzQiUyMGZvbnQtc2l6ZSUzQSUyMDEycHglM0IlMjIlM0UlM0NhJTIwaHJlZiUzRCUyMiUyRmRpZW5zdGxlaXN0dW5nZW4lMkYlMjIlM0VESUVOU1RMRUlTVFVOR0VOJTNDJTJGYSUzRSUzQyUyRnAlM0U=[\/vc_raw_html][\/vc_column_inner][vc_column_inner el_class=&#8220;nac&#8220; width=&#8220;2\/12&#8243;][vc_raw_html]JTNDYSUyMGhyZWYlM0QlMjIlMkZxdWFsaXRhZXRzcG9saXRpayUyRiUyMiUzRSUzQ2ltZyUyMHN0eWxlJTNEJTIyZGlzcGxheSUzQSUyMGJsb2NrJTNCJTBBbWFyZ2luJTNBJTIwYXV0byUzQiUyMiUyMHNyYyUzRCUyMiUyRndwLWNvbnRlbnQlMkZ1cGxvYWRzJTJGMjAxNSUyRjA3JTJGUXVhbGl0YWV0X2RhcmsucG5nJTIyJTIwYWx0JTNEJTIyJTIyJTIwb25tb3VzZW92ZXIlM0QlMEElMjJzcmMlM0QlMjclMkZ3cC1jb250ZW50JTJGdXBsb2FkcyUyRjIwMTUlMkYwNyUyRlF1YWxpdGFldF9saWdodC5wbmclMjclMjIlMjBvbm1vdXNlb3V0JTNEJTIyc3JjJTNEJTI3JTJGd3AtY29udGVudCUyRnVwbG9hZHMlMkYyMDE1JTJGMDclMkZRdWFsaXRhZXRfZGFyay5wbmclMjclMjIlMjB3aWR0aCUzRCUyMjkwcHglMjIlMjBoZWlnaHQlM0QlMjI5MHB4JTIyJTJGJTNFJTNDJTJGYSUzRSUzQ2JyJTJGJTNFJTBBJTNDcCUyMHN0eWxlJTNEJTIydGV4dC1hbGlnbiUzQSUyMGNlbnRlciUzQiUyMGZvbnQtc2l6ZSUzQSUyMDEycHglM0IlMjIlM0UlM0NhJTIwaHJlZiUzRCUyMiUyRnF1YWxpdGFldHNwb2xpdGlrJTJGJTIyJTNFUVVBTElUJUMzJTg0VFNQT0xJVElLJTNDJTJGYSUzRSUzQyUyRnAlM0U=[\/vc_raw_html][\/vc_column_inner][vc_column_inner el_class=&#8220;mar&#8220; width=&#8220;2\/12&#8243;][vc_raw_html]JTNDYSUyMGhyZWYlM0QlMjIlMkZtYXJrZW4tbWFlcmt0ZSUyRiUyMiUzRSUzQ2ltZyUyMHN0eWxlJTNEJTIyZGlzcGxheSUzQSUyMGJsb2NrJTNCJTBBbWFyZ2luJTNBJTIwYXV0byUzQiUyMiUyMHNyYyUzRCUyMiUyRndwLWNvbnRlbnQlMkZ1cGxvYWRzJTJGMjAxNSUyRjA3JTJGTGVuaGFydF9JY29uc19FbnR3dXJmc3JlaWhlXzFfZWluemVsbi0wNi5wbmclMjIlMjBhbHQlM0QlMjIlMjIlMjBvbm1vdXNlb3ZlciUzRCUwQSUyMnNyYyUzRCUyNyUyRndwLWNvbnRlbnQlMkZ1cGxvYWRzJTJGMjAxNSUyRjA3JTJGTGVuaGFydF9JY29uc19FbnR3dXJmc3JlaWhlXzFfZWluemVsbl9ob3ZlLTExLnBuZyUyNyUyMiUyMG9ubW91c2VvdXQlM0QlMjJzcmMlM0QlMjclMkZ3cC1jb250ZW50JTJGdXBsb2FkcyUyRjIwMTUlMkYwNyUyRkxlbmhhcnRfSWNvbnNfRW50d3VyZnNyZWloZV8xX2VpbnplbG4tMDYucG5nJTI3JTIyJTIwd2lkdGglM0QlMjI5MHB4JTIyJTIwaGVpZ2h0JTNEJTIyOTBweCUyMiUyRiUzRSUzQyUyRmElM0UlM0NiciUyRiUzRSUwQSUzQ3AlMjBzdHlsZSUzRCUyMnRleHQtYWxpZ24lM0ElMjBjZW50ZXIlM0IlMjBmb250LXNpemUlM0ElMjAxMnB4JTNCJTIyJTNFJTNDYSUyMGhyZWYlM0QlMjIlMkZtYXJrZW4tbWFlcmt0ZSUyRiUyMiUzRU1BUktFTiUyMCUyNmFtcCUzQiUyME0lQzMlODRSS1RFJTNDJTJGYSUzRSUzQyUyRnAlM0U=[\/vc_raw_html][\/vc_column_inner][vc_column_inner width=&#8220;2\/12&#8243;][vc_raw_html]JTNDYSUyMGhyZWYlM0QlMjIlMkZuYWNoaGFsdGlna2VpdCUyRiUyMiUzRSUzQ2ltZyUyMHN0eWxlJTNEJTIyZGlzcGxheSUzQSUyMGJsb2NrJTNCJTBBbWFyZ2luJTNBJTIwYXV0byUzQiUyMiUyMHNyYyUzRCUyMiUyRndwLWNvbnRlbnQlMkZ1cGxvYWRzJTJGMjAxNSUyRjA3JTJGTGVuaGFydF9JY29uc19FbnR3dXJmc3JlaWhlXzFfZWluemVsbi0wMS5wbmclMjIlMjBhbHQlM0QlMjIlMjIlMjBvbm1vdXNlb3ZlciUzRCUwQSUyMnNyYyUzRCUyNyUyRndwLWNvbnRlbnQlMkZ1cGxvYWRzJTJGMjAxNSUyRjA3JTJGTGVuaGFydF9JY29uc19FbnR3dXJmc3JlaWhlXzFfZWluemVsbl9ob3ZlLTE3LnBuZyUyNyUyMiUyMG9ubW91c2VvdXQlM0QlMjJzcmMlM0QlMjclMkZ3cC1jb250ZW50JTJGdXBsb2FkcyUyRjIwMTUlMkYwNyUyRkxlbmhhcnRfSWNvbnNfRW50d3VyZnNyZWloZV8xX2VpbnplbG4tMDEucG5nJTI3JTIyJTIwd2lkdGglM0QlMjI5MHB4JTIyJTIwaGVpZ2h0JTNEJTIyOTBweCUyMiUyRiUzRSUzQyUyRmElM0UlM0NiciUyRiUzRSUwQSUzQ3AlMjBzdHlsZSUzRCUyMnRleHQtYWxpZ24lM0ElMjBjZW50ZXIlM0IlMjBmb250LXNpemUlM0ElMjAxMnB4JTNCJTIyJTNFJTNDYSUyMGhyZWYlM0QlMjIlMkZuYWNoaGFsdGlna2VpdCUyRiUyMiUzRU5BQ0hIQUxUSUdLRUlUJTNDJTJGYSUzRSUzQyUyRnAlM0U=[\/vc_raw_html][\/vc_column_inner][vc_column_inner width=&#8220;1\/12&#8243;][\/vc_column_inner][\/vc_row_inner][\/vc_column][\/vc_row]\n<\/div>","protected":false},"excerpt":{"rendered":"<p>[vc_row][vc_column][rev_slider_vc alias=&#8220;produktion&#8220;][\/vc_column][\/vc_row][vc_row type=&#8220;full_width_background&#8220; css=&#8220;.vc_custom_1479225177553{padding-bottom: 100px !important;background-color: rgba(215,177,77,0.2) !important;*background-color: rgb(215,177,77) !important;}&#8220;][vc_column][vc_raw_html css=&#8220;.vc_custom_1548674616904{padding-top: 50px !important;padding-bottom: 50px !important;}&#8220;]JTNDaW1nJTIwc3R5bGUlM0QlMjJkaXNwbGF5JTNBJTIwYmxvY2slM0IlMEFtYXJnaW4lM0ElMjBhdXRvJTNCJTIyJTIwc3JjJTNEJTIyJTJGd3AtY29udGVudCUyRnVwbG9hZHMlMkYyMDE1JTJGMDclMkZMZW5oYXJ0X0ljb25zX0VudHd1cmZzcmVpaGVfMV9laW56ZWxuLTAzLnBuZyUyMiUyMGFsdCUzRCUyMiUyMiUyMHdpZHRoJTNEJTIyOTBweCUyMiUyMGhlaWdodCUzRCUyMjkwcHglMjIlMkYlM0UlM0NiciUyRiUzRSUwQQ==[\/vc_raw_html][vc_column_text] PRODUKTION KAPAZIT\u00c4T &amp; QUALIT\u00c4T [\/vc_column_text][vc_column_text] Was in unserer Zertifizierung nach&hellip;<\/p>\n","protected":false},"author":1,"featured_media":0,"parent":0,"menu_order":4,"comment_status":"closed","ping_status":"closed","template":"","meta":{"footnotes":""},"class_list":["post-2902","page","type-page","status-publish","hentry"],"_links":{"self":[{"href":"https:\/\/www.lenhart-kosmetik.de\/de\/wp-json\/wp\/v2\/pages\/2902","targetHints":{"allow":["GET"]}}],"collection":[{"href":"https:\/\/www.lenhart-kosmetik.de\/de\/wp-json\/wp\/v2\/pages"}],"about":[{"href":"https:\/\/www.lenhart-kosmetik.de\/de\/wp-json\/wp\/v2\/types\/page"}],"author":[{"embeddable":true,"href":"https:\/\/www.lenhart-kosmetik.de\/de\/wp-json\/wp\/v2\/users\/1"}],"replies":[{"embeddable":true,"href":"https:\/\/www.lenhart-kosmetik.de\/de\/wp-json\/wp\/v2\/comments?post=2902"}],"version-history":[{"count":57,"href":"https:\/\/www.lenhart-kosmetik.de\/de\/wp-json\/wp\/v2\/pages\/2902\/revisions"}],"predecessor-version":[{"id":5700,"href":"https:\/\/www.lenhart-kosmetik.de\/de\/wp-json\/wp\/v2\/pages\/2902\/revisions\/5700"}],"wp:attachment":[{"href":"https:\/\/www.lenhart-kosmetik.de\/de\/wp-json\/wp\/v2\/media?parent=2902"}],"curies":[{"name":"wp","href":"https:\/\/api.w.org\/{rel}","templated":true}]}}