{"id":2916,"date":"2015-07-21T13:52:48","date_gmt":"2015-07-21T11:52:48","guid":{"rendered":"https:\/\/www.lenhart-kosmetik.de\/\/?page_id=2916"},"modified":"2019-05-16T15:35:08","modified_gmt":"2019-05-16T13:35:08","slug":"qualitaetspolitik","status":"publish","type":"page","link":"https:\/\/www.lenhart-kosmetik.de\/de\/qualitaetspolitik\/","title":{"rendered":"QUALIT\u00c4TSPOLITIK"},"content":{"rendered":"<div class=\"wpb-content-wrapper\">[vc_row][vc_column][rev_slider_vc alias=&#8220;qualitaetspolitik&#8220;][\/vc_column][\/vc_row][vc_row type=&#8220;full_width_background&#8220; css=&#8220;.vc_custom_1479225552145{padding-bottom: 100px !important;background-color: rgba(149,193,30,0.1) !important;*background-color: rgb(149,193,30) !important;}&#8220;][vc_column][vc_raw_html css=&#8220;.vc_custom_1548675850332{padding-top: 50px !important;padding-bottom: 50px !important;}&#8220;]JTNDaW1nJTIwc3R5bGUlM0QlMjJkaXNwbGF5JTNBJTIwYmxvY2slM0IlMEFtYXJnaW4lM0ElMjBhdXRvJTNCJTIyJTIwc3JjJTNEJTIyJTJGd3AtY29udGVudCUyRnVwbG9hZHMlMkYyMDE1JTJGMDclMkZ2aWVyLnBuZyUyMiUyMGFsdCUzRCUyMiUyMiUyMHdpZHRoJTNEJTIyOTBweCUyMiUyMGhlaWdodCUzRCUyMjkwcHglMjIlMkYlM0UlM0MlMkZhJTNFJTNDYnIlMkYlM0UlMEE=[\/vc_raw_html][vc_column_text]\n<h1 style=\"text-align: center; letter-spacing: 7px; hyphens: manual; margin-bottom: 10px;\"><span style=\"color: #95c11e;\">Qualit\u00e4ts\u00adpolitik<\/span><\/h1>\n<h2 style=\"text-align: center; font-size: 20px; letter-spacing: 7px;\">Unsere Leitlinien<\/h2>\n[\/vc_column_text][vc_column_text]Die Rahmenbedingungen f\u00fcr die Qualit\u00e4t unserer Produkte und Leistungen geben uns Kunden, Gesetze sowie in zunehmendem Ma\u00dfe auch die Medien vor.<\/p>\n<p>Wir begeistern unsere Kunden durch ein gleichbleibend hohes Qualit\u00e4tsniveau, starke Kompetenz unserer Mitarbeiter und innovative Ideen. Immer nah am Marktgeschehen und am Kunden k\u00f6nnen wir schnell auf Ver\u00e4nderungen reagieren und unsere Produkte den Kundenw\u00fcnschen anpassen. So erreichen wir unsere wichtigsten Ziele: eine hohe Kundenzufriedenheit sowie eine langfristige Kundenbindung.<\/p>\n<p>Bei der Entwicklung, Herstellung, Lagerung und Entsorgung verpflichten wir uns, die festgelegten Qualit\u00e4ts- und Sicherheitsstandards einzuhalten. Wir profitieren von dem Wissen und dem reichhaltigen Erfahrungsschatz unserer Lieferanten und Dienstleister.\u00a0Im Gegenzug bieten wir langj\u00e4hrige, enge und partnerschaftliche Beziehungen.<\/p>\n<p>Unsere Mitarbeiter, Lieferanten und Dienstleister haben einen direkten Einfluss auf die Qualit\u00e4t unserer Produkte. Jeder Mitarbeiter tr\u00e4gt durch sein Engagement, sein Wissen und seine Ideen zur st\u00e4ndigen Verbesserung der Gesch\u00e4ftsprozesse bei. Damit wir auch weiterhin unsere anspruchsvollen Ziele erreichen, investieren wir in Aus- und Weiterbildung unserer Mitarbeiter und vermitteln dabei ein Bewusstsein f\u00fcr Qualit\u00e4t und Produktsicherheit.<\/p>\n<p>Der Gesundheitsschutz und die Arbeitssicherheit sind bei uns hoch priorisiert. Von unseren Mitarbeitern erwarten wir ein korrektes Verhalten sowie eine aktive Teilnahme an den Verbesserungen des Arbeitsschutzes und der Unfallverh\u00fctung.<\/p>\n<p>Zu den Grundbedingungen f\u00fcr unsere Weiterentwicklung und f\u00fcr den Erhalt unserer Wettbewerbsf\u00e4higkeit geh\u00f6ren Investitionen in neue Technologien, Anlagen und Geb\u00e4ude. Dabei spielt die Energier\u00fcckgewinnung und Energieeffizienz eine gro\u00dfe Rolle. Wir sch\u00fctzen unsere Umwelt durch Ma\u00dfnahmen zur Vermeidung von Abf\u00e4llen. Durch die nachhaltigen Strategien gewinnen wir einen gesellschaftlichen und wirtschaftlichen Mehrwert.<\/p>\n<p>Wir sichern uns einen Vorsprung im Wettbewerb, indem wir die Qualit\u00e4t unserer Produkte, Prozesse und Produktionstechnologien kontinuierlich verbessern. Eine fortlaufende Produktivit\u00e4tsoptimierung und die Kostensenkung erm\u00f6glichen unseren wirtschaftlichen Unternehmenserfolg.<\/p>\n<p>Unsere Qualit\u00e4tspolitik steht im Einklang mit ISO 9001:2008, ISO 9001:2015 und IFS-HPC Version 2.[\/vc_column_text][\/vc_column][\/vc_row][vc_row css=&#8220;.vc_custom_1467211052899{padding-top: 100px !important;padding-bottom: 100px !important;}&#8220;][vc_column][vc_column_text]\n<h2 style=\"margin-bottom: 5px; text-align: center;\">WEITERE KOMPETENZEN<\/h2>\n<p style=\"text-align: center;\"><span style=\"color: #111; font-size: 16px; font-weight: 300;\">S E I T\u00a0\u00a0 \u00a0 \u00dc B E R\u00a0\u00a0 \u00a0 5 0 \u00a0 J A H R E N \u00a0 \u00a0 Q U A L I T \u00c4 T<br \/>\n<\/span><\/p>\n[\/vc_column_text][vc_row_inner css=&#8220;.vc_custom_1472826280012{padding-top: 50px !important;}&#8220;][vc_column_inner width=&#8220;1\/12&#8243;][\/vc_column_inner][vc_column_inner el_class=&#8220;ent&#8220; width=&#8220;2\/12&#8243;][vc_raw_html]JTNDYSUyMGhyZWYlM0QlMjIlMkZlbnR3aWNrbHVuZyUyRiUyMiUzRSUzQ2ltZyUyMHN0eWxlJTNEJTIyZGlzcGxheSUzQSUyMGJsb2NrJTNCJTBBbWFyZ2luJTNBJTIwYXV0byUzQiUyMiUyMHNyYyUzRCUyMiUyRndwLWNvbnRlbnQlMkZ1cGxvYWRzJTJGMjAxNSUyRjA3JTJGTGVuaGFydF9JY29uc19FbnR3dXJmc3JlaWhlXzFfZWluemVsbi0wMi5wbmclMjIlMjBhbHQlM0QlMjIlMjIlMjBvbm1vdXNlb3ZlciUzRCUwQSUyMnNyYyUzRCUyNyUyRndwLWNvbnRlbnQlMkZ1cGxvYWRzJTJGMjAxNSUyRjA3JTJGTGVuaGFydF9JY29uc19FbnR3dXJmc3JlaWhlXzFfZWluemVsbl9ob3ZlLTE2LnBuZyUyNyUyMiUyMG9ubW91c2VvdXQlM0QlMjJzcmMlM0QlMjclMkZ3cC1jb250ZW50JTJGdXBsb2FkcyUyRjIwMTUlMkYwNyUyRkxlbmhhcnRfSWNvbnNfRW50d3VyZnNyZWloZV8xX2VpbnplbG4tMDIucG5nJTI3JTIyJTIwd2lkdGglM0QlMjI5MHB4JTIyJTIyJTIwaGVpZ2h0JTNEJTIyOTBweCUyMiUyRiUzRSUzQyUyRmElM0UlM0NiciUyRiUzRSUwQSUzQ3AlMjBzdHlsZSUzRCUyMnRleHQtYWxpZ24lM0ElMjBjZW50ZXIlM0IlMjBmb250LXNpemUlM0ElMjAxMnB4JTNCJTIyJTNFJTNDYSUyMGhyZWYlM0QlMjIlMkZlbnR3aWNrbHVuZyUyRiUyMiUzRUVOVFdJQ0tMVU5HJTNDJTJGYSUzRSUzQyUyRnAlM0U=[\/vc_raw_html][\/vc_column_inner][vc_column_inner el_class=&#8220;pro&#8220; width=&#8220;2\/12&#8243;][vc_raw_html]JTNDYSUyMGhyZWYlM0QlMjIlMkZwcm9kdWt0aW9uJTJGJTIyJTNFJTNDaW1nJTIwc3R5bGUlM0QlMjJkaXNwbGF5JTNBJTIwYmxvY2slM0IlMEFtYXJnaW4lM0ElMjBhdXRvJTNCJTIyJTIwc3JjJTNEJTIyJTJGd3AtY29udGVudCUyRnVwbG9hZHMlMkYyMDE1JTJGMDclMkZMZW5oYXJ0X0ljb25zX0VudHd1cmZzcmVpaGVfMV9laW56ZWxuLTAzLnBuZyUyMiUyMGFsdCUzRCUyMiUyMiUyMG9ubW91c2VvdmVyJTNEJTBBJTIyc3JjJTNEJTI3JTJGd3AtY29udGVudCUyRnVwbG9hZHMlMkYyMDE1JTJGMDclMkZMZW5oYXJ0X0ljb25zX0VudHd1cmZzcmVpaGVfMV9laW56ZWxuX2hvdmUtMTUucG5nJTI3JTIyJTIwb25tb3VzZW91dCUzRCUyMnNyYyUzRCUyNyUyRndwLWNvbnRlbnQlMkZ1cGxvYWRzJTJGMjAxNSUyRjA3JTJGTGVuaGFydF9JY29uc19FbnR3dXJmc3JlaWhlXzFfZWluemVsbi0wMy5wbmclMjclMjIlMjB3aWR0aCUzRCUyMjkwcHglMjIlMjBoZWlnaHQlM0QlMjI5MHB4JTIyJTJGJTNFJTNDJTJGYSUzRSUzQ2JyJTJGJTNFJTBBJTNDcCUyMHN0eWxlJTNEJTIydGV4dC1hbGlnbiUzQSUyMGNlbnRlciUzQiUyMGZvbnQtc2l6ZSUzQSUyMDEycHglM0IlMjIlM0UlM0NhJTIwaHJlZiUzRCUyMiUyRnByb2R1a3Rpb24lMkYlMjIlM0VQUk9EVUtUSU9OJTNDJTJGYSUzRSUzQyUyRnAlM0U=[\/vc_raw_html][\/vc_column_inner][vc_column_inner el_class=&#8220;die&#8220; width=&#8220;2\/12&#8243;][vc_raw_html]JTNDYSUyMGhyZWYlM0QlMjIlMkZkaWVuc3RsZWlzdHVuZ2VuJTJGJTIyJTNFJTNDaW1nJTIwc3R5bGUlM0QlMjJkaXNwbGF5JTNBJTIwYmxvY2slM0IlMEFtYXJnaW4lM0ElMjBhdXRvJTNCJTIyJTIwc3JjJTNEJTIyJTJGd3AtY29udGVudCUyRnVwbG9hZHMlMkYyMDE1JTJGMDclMkZMZW5oYXJ0X0ljb25zX0VudHd1cmZzcmVpaGVfMV9laW56ZWxuLTA0LnBuZyUyMiUyMGFsdCUzRCUyMiUyMiUyMG9ubW91c2VvdmVyJTNEJTBBJTIyc3JjJTNEJTI3JTJGd3AtY29udGVudCUyRnVwbG9hZHMlMkYyMDE1JTJGMDclMkZMZW5oYXJ0X0ljb25zX0VudHd1cmZzcmVpaGVfMV9laW56ZWxuX2hvdmUtMTQucG5nJTI3JTIyJTIwb25tb3VzZW91dCUzRCUyMnNyYyUzRCUyNyUyRndwLWNvbnRlbnQlMkZ1cGxvYWRzJTJGMjAxNSUyRjA3JTJGTGVuaGFydF9JY29uc19FbnR3dXJmc3JlaWhlXzFfZWluemVsbi0wNC5wbmclMjclMjIlMjB3aWR0aCUzRCUyMjkwcHglMjIlMjBoZWlnaHQlM0QlMjI5MHB4JTIyJTJGJTNFJTNDJTJGYSUzRSUzQ2JyJTJGJTNFJTBBJTNDcCUyMHN0eWxlJTNEJTIydGV4dC1hbGlnbiUzQSUyMGNlbnRlciUzQiUyMGZvbnQtc2l6ZSUzQSUyMDEycHglM0IlMjIlM0UlM0NhJTIwaHJlZiUzRCUyMiUyRmRpZW5zdGxlaXN0dW5nZW4lMkYlMjIlM0VESUVOU1RMRUlTVFVOR0VOJTNDJTJGYSUzRSUzQyUyRnAlM0U=[\/vc_raw_html][\/vc_column_inner][vc_column_inner el_class=&#8220;mar&#8220; width=&#8220;2\/12&#8243;][vc_raw_html]JTNDYSUyMGhyZWYlM0QlMjIlMkZtYXJrZW4tbWFlcmt0ZSUyRiUyMiUzRSUzQ2ltZyUyMHN0eWxlJTNEJTIyZGlzcGxheSUzQSUyMGJsb2NrJTNCJTBBbWFyZ2luJTNBJTIwYXV0byUzQiUyMiUyMHNyYyUzRCUyMiUyRndwLWNvbnRlbnQlMkZ1cGxvYWRzJTJGMjAxNSUyRjA3JTJGTGVuaGFydF9JY29uc19FbnR3dXJmc3JlaWhlXzFfZWluemVsbi0wNi5wbmclMjIlMjBhbHQlM0QlMjIlMjIlMjBvbm1vdXNlb3ZlciUzRCUwQSUyMnNyYyUzRCUyNyUyRndwLWNvbnRlbnQlMkZ1cGxvYWRzJTJGMjAxNSUyRjA3JTJGTGVuaGFydF9JY29uc19FbnR3dXJmc3JlaWhlXzFfZWluemVsbl9ob3ZlLTExLnBuZyUyNyUyMiUyMG9ubW91c2VvdXQlM0QlMjJzcmMlM0QlMjclMkZ3cC1jb250ZW50JTJGdXBsb2FkcyUyRjIwMTUlMkYwNyUyRkxlbmhhcnRfSWNvbnNfRW50d3VyZnNyZWloZV8xX2VpbnplbG4tMDYucG5nJTI3JTIyJTIwd2lkdGglM0QlMjI5MHB4JTIyJTIwaGVpZ2h0JTNEJTIyOTBweCUyMiUyRiUzRSUzQyUyRmElM0UlM0NiciUyRiUzRSUwQSUzQ3AlMjBzdHlsZSUzRCUyMnRleHQtYWxpZ24lM0ElMjBjZW50ZXIlM0IlMjBmb250LXNpemUlM0ElMjAxMnB4JTNCJTIyJTNFJTNDYSUyMGhyZWYlM0QlMjIlMkZtYXJrZW4tbWFlcmt0ZSUyRiUyMiUzRU1BUktFTiUyMCUyNmFtcCUzQiUyME0lQzMlODRSS1RFJTNDJTJGYSUzRSUzQyUyRnAlM0U=[\/vc_raw_html][\/vc_column_inner][vc_column_inner width=&#8220;2\/12&#8243;][vc_raw_html]JTIwJTNDYSUyMGhyZWYlM0QlMjIlMkZuYWNoaGFsdGlna2VpdCUyRiUyMiUzRSUzQ2ltZyUyMHN0eWxlJTNEJTIyZGlzcGxheSUzQSUyMGJsb2NrJTNCJTBBbWFyZ2luJTNBJTIwYXV0byUzQiUyMiUyMHNyYyUzRCUyMiUyRndwLWNvbnRlbnQlMkZ1cGxvYWRzJTJGMjAxNSUyRjA3JTJGTGVuaGFydF9JY29uc19FbnR3dXJmc3JlaWhlXzFfZWluemVsbi0wMS5wbmclMjIlMjBhbHQlM0QlMjIlMjIlMjBvbm1vdXNlb3ZlciUzRCUwQSUyMnNyYyUzRCUyNyUyRndwLWNvbnRlbnQlMkZ1cGxvYWRzJTJGMjAxNSUyRjA3JTJGTGVuaGFydF9JY29uc19FbnR3dXJmc3JlaWhlXzFfZWluemVsbl9ob3ZlLTE3LnBuZyUyNyUyMiUyMG9ubW91c2VvdXQlM0QlMjJzcmMlM0QlMjclMkZ3cC1jb250ZW50JTJGdXBsb2FkcyUyRjIwMTUlMkYwNyUyRkxlbmhhcnRfSWNvbnNfRW50d3VyZnNyZWloZV8xX2VpbnplbG4tMDEucG5nJTI3JTIyJTIwd2lkdGglM0QlMjI5MHB4JTIyJTIwaGVpZ2h0JTNEJTIyOTBweCUyMiUyRiUzRSUzQyUyRmElM0UlM0NiciUyRiUzRSUwQSUzQ3AlMjBzdHlsZSUzRCUyMnRleHQtYWxpZ24lM0ElMjBjZW50ZXIlM0IlMjBmb250LXNpemUlM0ElMjAxMnB4JTNCJTIyJTNFJTNDYSUyMGhyZWYlM0QlMjIlMkZuYWNoaGFsdGlna2VpdCUyRiUyMiUzRU5BQ0hIQUxUSUdLRUlUJTNDJTJGYSUzRSUzQyUyRnAlM0U=[\/vc_raw_html][\/vc_column_inner][vc_column_inner width=&#8220;1\/12&#8243;][\/vc_column_inner][\/vc_row_inner][\/vc_column][\/vc_row]\n<\/div>","protected":false},"excerpt":{"rendered":"<p>[vc_row][vc_column][rev_slider_vc alias=&#8220;qualitaetspolitik&#8220;][\/vc_column][\/vc_row][vc_row type=&#8220;full_width_background&#8220; css=&#8220;.vc_custom_1479225552145{padding-bottom: 100px !important;background-color: rgba(149,193,30,0.1) !important;*background-color: rgb(149,193,30) !important;}&#8220;][vc_column][vc_raw_html css=&#8220;.vc_custom_1548675850332{padding-top: 50px !important;padding-bottom: 50px !important;}&#8220;]JTNDaW1nJTIwc3R5bGUlM0QlMjJkaXNwbGF5JTNBJTIwYmxvY2slM0IlMEFtYXJnaW4lM0ElMjBhdXRvJTNCJTIyJTIwc3JjJTNEJTIyJTJGd3AtY29udGVudCUyRnVwbG9hZHMlMkYyMDE1JTJGMDclMkZ2aWVyLnBuZyUyMiUyMGFsdCUzRCUyMiUyMiUyMHdpZHRoJTNEJTIyOTBweCUyMiUyMGhlaWdodCUzRCUyMjkwcHglMjIlMkYlM0UlM0MlMkZhJTNFJTNDYnIlMkYlM0UlMEE=[\/vc_raw_html][vc_column_text] Qualit\u00e4ts\u00adpolitik Unsere Leitlinien [\/vc_column_text][vc_column_text]Die Rahmenbedingungen f\u00fcr die Qualit\u00e4t unserer Produkte&hellip;<\/p>\n","protected":false},"author":1,"featured_media":0,"parent":0,"menu_order":6,"comment_status":"closed","ping_status":"closed","template":"","meta":{"footnotes":""},"class_list":["post-2916","page","type-page","status-publish","hentry"],"_links":{"self":[{"href":"https:\/\/www.lenhart-kosmetik.de\/de\/wp-json\/wp\/v2\/pages\/2916","targetHints":{"allow":["GET"]}}],"collection":[{"href":"https:\/\/www.lenhart-kosmetik.de\/de\/wp-json\/wp\/v2\/pages"}],"about":[{"href":"https:\/\/www.lenhart-kosmetik.de\/de\/wp-json\/wp\/v2\/types\/page"}],"author":[{"embeddable":true,"href":"https:\/\/www.lenhart-kosmetik.de\/de\/wp-json\/wp\/v2\/users\/1"}],"replies":[{"embeddable":true,"href":"https:\/\/www.lenhart-kosmetik.de\/de\/wp-json\/wp\/v2\/comments?post=2916"}],"version-history":[{"count":42,"href":"https:\/\/www.lenhart-kosmetik.de\/de\/wp-json\/wp\/v2\/pages\/2916\/revisions"}],"predecessor-version":[{"id":5703,"href":"https:\/\/www.lenhart-kosmetik.de\/de\/wp-json\/wp\/v2\/pages\/2916\/revisions\/5703"}],"wp:attachment":[{"href":"https:\/\/www.lenhart-kosmetik.de\/de\/wp-json\/wp\/v2\/media?parent=2916"}],"curies":[{"name":"wp","href":"https:\/\/api.w.org\/{rel}","templated":true}]}}