{"id":3099,"date":"2016-06-28T10:19:03","date_gmt":"2016-06-28T08:19:03","guid":{"rendered":"https:\/\/www.lenhart-kosmetik.de\/\/?page_id=3099"},"modified":"2026-01-05T09:49:01","modified_gmt":"2026-01-05T08:49:01","slug":"jobkarriere","status":"publish","type":"page","link":"https:\/\/www.lenhart-kosmetik.de\/de\/jobkarriere\/","title":{"rendered":"Job\/Karriere"},"content":{"rendered":"<div class=\"wpb-content-wrapper\">[vc_row][vc_column][rev_slider_vc alias=&#8220;job-karriere&#8220;][\/vc_column][\/vc_row][vc_row type=&#8220;full_width_background&#8220; css=&#8220;.vc_custom_1504621886320{padding-bottom: 60px !important;background-color: #f5f5f5 !important;}&#8220;][vc_column][vc_column_text]\n<h1 style=\"text-align: center; letter-spacing: 7px;\"><span style=\"color: #00a09a;\">JOBS \/ KARRIERE<\/span><\/h1>\n<h2 style=\"text-align: center; font-size: 20px; letter-spacing: 7px;\">Arbeiten bei Lenhart<\/h2>\n[\/vc_column_text][vc_column_text]\n<p class=\"wpb_text_column wpb_content_element \" style=\"text-align: left;\">Als familiengef\u00fchrtes, vitales Mittelstandsunternehmen\u00a0pflegen wir einen pers\u00f6nlichen Stil und verbinden schw\u00e4bischen T\u00fcftlergeist mit unserer Leidenschaft f\u00fcr gute Produkte.<\/p>\n<p class=\"wpb_text_column wpb_content_element \" style=\"text-align: left;\">Wir\u00a0decken den kompletten Entwicklungsprozess kosmetischer Erzeugnisse ab \u2013 von der ersten Rezeptur in unserem Labor \u00fcber die Produktion bis hin zum Packaging-Design und zur Vertriebsunterst\u00fctzung. Wir bieten unseren Mitarbeitern vielf\u00e4ltige Arbeitsbereiche sowie spannende Aufgaben und Projekte.<\/p>\n<p class=\"wpb_text_column wpb_content_element \" style=\"text-align: left;\">Viele Wege f\u00fchren zu uns: ob als Azubi in einem spannenden Ausbildungsberuf, als Student im Rahmen eines Praktikums, als Hochschulabsolvent oder als erfahrene Fachkraft.<\/p>\n<p class=\"wpb_text_column wpb_content_element \" style=\"text-align: left;\">Wir suchen\u00a0Mitarbeiter, die uns mit Leistungsbereitschaft, Zielstrebigkeit, Kreativit\u00e4t, Innovation und Engagement unterst\u00fctzen.<\/p>\n[\/vc_column_text][\/vc_column][\/vc_row][vc_row][vc_column][\/vc_column][\/vc_row][vc_row content_placement=&#8220;middle&#8220; type=&#8220;full_width_background&#8220; css=&#8220;.vc_custom_1504621926831{padding-top: 60px !important;padding-bottom: 100px !important;background-color: #f5f5f5 !important;}&#8220;][vc_column][vc_column_text css=&#8220;.vc_custom_1504621716517{padding-bottom: 60px !important;}&#8220;]\n<h2 style=\"text-align: center; font-size: 20px; letter-spacing: 7px;\">Offene Stellen<\/h2>\n[\/vc_column_text][vc_basic_grid post_type=&#8220;post&#8220; max_items=&#8220;-1&#8243; style=&#8220;lazy&#8220; initial_loading_animation=&#8220;none&#8220; grid_id=&#8220;vc_gid:1670224679417-f9743226-7dd3-5&#8243; taxonomies=&#8220;31&#8243;][\/vc_column][\/vc_row]\n<\/div>","protected":false},"excerpt":{"rendered":"<p>[vc_row][vc_column][rev_slider_vc alias=&#8220;job-karriere&#8220;][\/vc_column][\/vc_row][vc_row type=&#8220;full_width_background&#8220; css=&#8220;.vc_custom_1504621886320{padding-bottom: 60px !important;background-color: #f5f5f5 !important;}&#8220;][vc_column][vc_column_text] JOBS \/ KARRIERE Arbeiten bei Lenhart [\/vc_column_text][vc_column_text] Als familiengef\u00fchrtes, vitales Mittelstandsunternehmen\u00a0pflegen wir einen pers\u00f6nlichen Stil und verbinden&hellip;<\/p>\n","protected":false},"author":1,"featured_media":0,"parent":0,"menu_order":13,"comment_status":"closed","ping_status":"closed","template":"","meta":{"footnotes":""},"class_list":["post-3099","page","type-page","status-publish","hentry"],"_links":{"self":[{"href":"https:\/\/www.lenhart-kosmetik.de\/de\/wp-json\/wp\/v2\/pages\/3099","targetHints":{"allow":["GET"]}}],"collection":[{"href":"https:\/\/www.lenhart-kosmetik.de\/de\/wp-json\/wp\/v2\/pages"}],"about":[{"href":"https:\/\/www.lenhart-kosmetik.de\/de\/wp-json\/wp\/v2\/types\/page"}],"author":[{"embeddable":true,"href":"https:\/\/www.lenhart-kosmetik.de\/de\/wp-json\/wp\/v2\/users\/1"}],"replies":[{"embeddable":true,"href":"https:\/\/www.lenhart-kosmetik.de\/de\/wp-json\/wp\/v2\/comments?post=3099"}],"version-history":[{"count":72,"href":"https:\/\/www.lenhart-kosmetik.de\/de\/wp-json\/wp\/v2\/pages\/3099\/revisions"}],"predecessor-version":[{"id":6659,"href":"https:\/\/www.lenhart-kosmetik.de\/de\/wp-json\/wp\/v2\/pages\/3099\/revisions\/6659"}],"wp:attachment":[{"href":"https:\/\/www.lenhart-kosmetik.de\/de\/wp-json\/wp\/v2\/media?parent=3099"}],"curies":[{"name":"wp","href":"https:\/\/api.w.org\/{rel}","templated":true}]}}