{"id":3833,"date":"2016-10-04T10:22:35","date_gmt":"2016-10-04T08:22:35","guid":{"rendered":"https:\/\/www.lenhart-kosmetik.de\/\/?page_id=3833"},"modified":"2026-01-07T16:58:34","modified_gmt":"2026-01-07T15:58:34","slug":"geschichte-2","status":"publish","type":"page","link":"https:\/\/www.lenhart-kosmetik.de\/de\/geschichte-2\/","title":{"rendered":"Geschichte"},"content":{"rendered":"<div class=\"wpb-content-wrapper\">[vc_row type=&#8220;full_width_content&#8220;][vc_column][rev_slider_vc alias=&#8220;history&#8220;][\/vc_column][\/vc_row][vc_row row_id=&#8220;info&#8220; el_class=&#8220;text-center&#8220; css=&#8220;.vc_custom_1476968569772{padding-top: 100px !important;padding-bottom: 50px !important;}&#8220;][vc_column offset=&#8220;vc_col-lg-offset-3 vc_col-lg-6 vc_col-xs-12&#8243;][vc_column_text]\n<h2 style=\"margin-bottom: 5px; text-align: center;\">GESCHICHTE VON LENHART KOSMETIK<\/h2>\n<p style=\"text-align: center;\"><span style=\"color: #111; font-size: 16px; font-weight: 300;\">S E I T\u00a0\u00a0 \u00a0 \u00dc B E R\u00a0\u00a0 \u00a0 5 0 \u00a0 J A H R E N<br \/>\n<\/span><\/p>\n[\/vc_column_text][\/vc_column][\/vc_row][vc_row css=&#8220;.vc_custom_1476968588224{padding-top: 50px !important;}&#8220;][vc_column][vc_column_text css=&#8220;.vc_custom_1505812717241{padding-top: 20px !important;padding-bottom: 20px !important;}&#8220;]\n<h3 style=\"text-align: center;\">1968<\/h3>\n<p style=\"text-align: center;\">Rudolf und Ruth Lenhart arbeiteten bis 1968 im Vertrieb f\u00fcr Haushalts-Reinigungsartikel. W\u00e4hrend dieser T\u00e4tigkeit entstand bei ihnen der Wunsch sich selbst\u00e4ndig zu machen. Mit den Ersparnissen des Vaters kaufte Rudolf Lenhart eine leerstehende Lagerhalle in Waiblingen-Neustadt und gr\u00fcndete am 12.11.1968 die Firma Rudolf Lenhart GmbH.<\/p>\n[\/vc_column_text][\/vc_column][\/vc_row][vc_row css=&#8220;.vc_custom_1501151847442{margin-top: 10px !important;}&#8220;][vc_column]<div class=\"caption-style1  center  thb_image_link wp-caption\"><img loading=\"lazy\" decoding=\"async\" width=\"2000\" height=\"1500\" src=\"https:\/\/www.lenhart-kosmetik.de\/wp-content\/uploads\/2015\/07\/lenhart-kosmetik_rudolf-lenhart_waiblingen.jpg\" class=\"thb_image  attachment-full\" alt=\"Rudolf Lenhart Waiblingen\" title=\"lenhart-kosmetik_rudolf-lenhart_waiblingen\" srcset=\"https:\/\/www.lenhart-kosmetik.de\/wp-content\/uploads\/2015\/07\/lenhart-kosmetik_rudolf-lenhart_waiblingen.jpg 2000w, https:\/\/www.lenhart-kosmetik.de\/wp-content\/uploads\/2015\/07\/lenhart-kosmetik_rudolf-lenhart_waiblingen-1000x750.jpg 1000w, https:\/\/www.lenhart-kosmetik.de\/wp-content\/uploads\/2015\/07\/lenhart-kosmetik_rudolf-lenhart_waiblingen-768x576.jpg 768w\" sizes=\"auto, (max-width: 2000px) 100vw, 2000px\" \/><\/div>[\/vc_column][\/vc_row][vc_row css=&#8220;.vc_custom_1476968588224{padding-top: 50px !important;}&#8220;][vc_column][vc_column_text css=&#8220;.vc_custom_1505812694131{padding-top: 20px !important;padding-bottom: 20px !important;}&#8220;]\n<p style=\"text-align: center;\">Mit einfachen Mitteln begann hier die Produktion von W\u00e4scheweichsp\u00fclern, Universalseife f\u00fcr die Hausreinigung, Shampoo und Badezus\u00e4tzen. Die ersten Rezepturen entwickelte Rudolf Lenhart eigenst\u00e4ndig in seiner heimischen\u00a0K\u00fcche.<\/p>\n[\/vc_column_text][\/vc_column][\/vc_row][vc_row css=&#8220;.vc_custom_1501151847442{margin-top: 10px !important;}&#8220;][vc_column]<div class=\"caption-style1  center  thb_image_link wp-caption\"><img loading=\"lazy\" decoding=\"async\" width=\"2000\" height=\"1500\" src=\"https:\/\/www.lenhart-kosmetik.de\/wp-content\/uploads\/2015\/07\/lenhart-kosmetik_geschichte_produktion.jpg\" class=\"thb_image  attachment-full\" alt=\"Lenhart Kosmetik Produktion Geschichte\" title=\"lenhart-kosmetik_geschichte_produktion\" srcset=\"https:\/\/www.lenhart-kosmetik.de\/wp-content\/uploads\/2015\/07\/lenhart-kosmetik_geschichte_produktion.jpg 2000w, https:\/\/www.lenhart-kosmetik.de\/wp-content\/uploads\/2015\/07\/lenhart-kosmetik_geschichte_produktion-1000x750.jpg 1000w, https:\/\/www.lenhart-kosmetik.de\/wp-content\/uploads\/2015\/07\/lenhart-kosmetik_geschichte_produktion-768x576.jpg 768w\" sizes=\"auto, (max-width: 2000px) 100vw, 2000px\" \/><\/div>[\/vc_column][\/vc_row][vc_row css=&#8220;.vc_custom_1476968588224{padding-top: 50px !important;}&#8220;][vc_column][vc_column_text css=&#8220;.vc_custom_1505812727134{padding-top: 20px !important;padding-bottom: 20px !important;}&#8220;]\n<h3 style=\"text-align: center;\">1969<\/h3>\n<p style=\"text-align: center;\">1969 holte Rudolf Lenhart seinen Bruder Johann Lenhart mit an Bord. Gemeinsam und mit viel Elan realisierten sie neue Ideen. W\u00e4hrend Rudolf f\u00fcr die Bereitstellung der Produktion verantwortlich war, \u00fcberwachte sein Bruder den technischen Teil sowie die Produktion. Auch f\u00fcr die Gestaltung trug der Bruder die Verantwortung. Die von ihm entwickelten neuen Flaschen kamen bei den Kunden sehr gut an und der Umsatz steigerte sich stetig.<\/p>\n[\/vc_column_text][\/vc_column][\/vc_row][vc_row css=&#8220;.vc_custom_1501151847442{margin-top: 10px !important;}&#8220;][vc_column]<div class=\"caption-style1  center  thb_image_link wp-caption\"><img loading=\"lazy\" decoding=\"async\" width=\"2000\" height=\"1500\" src=\"https:\/\/www.lenhart-kosmetik.de\/wp-content\/uploads\/2015\/07\/lenhart-kosmetik_johann-lenhart.jpg\" class=\"thb_image  attachment-full\" alt=\"Johann Lenhart\" title=\"lenhart-kosmetik_johann-lenhart\" srcset=\"https:\/\/www.lenhart-kosmetik.de\/wp-content\/uploads\/2015\/07\/lenhart-kosmetik_johann-lenhart.jpg 2000w, https:\/\/www.lenhart-kosmetik.de\/wp-content\/uploads\/2015\/07\/lenhart-kosmetik_johann-lenhart-1000x750.jpg 1000w, https:\/\/www.lenhart-kosmetik.de\/wp-content\/uploads\/2015\/07\/lenhart-kosmetik_johann-lenhart-768x576.jpg 768w\" sizes=\"auto, (max-width: 2000px) 100vw, 2000px\" \/><\/div>[\/vc_column][\/vc_row][vc_row css=&#8220;.vc_custom_1476968588224{padding-top: 50px !important;}&#8220;][vc_column][vc_column_text css=&#8220;.vc_custom_1505812735826{padding-top: 20px !important;padding-bottom: 20px !important;}&#8220;]\n<p style=\"text-align: center;\">Ruth Lenhart \u00fcbernahm die B\u00fcroorganisation, war aber auch oft zur Unterst\u00fctzung in der Produktion t\u00e4tig.<\/p>\n[\/vc_column_text][\/vc_column][\/vc_row][vc_row css=&#8220;.vc_custom_1501151847442{margin-top: 10px !important;}&#8220;][vc_column]<div class=\"caption-style1  center  thb_image_link wp-caption\"><img loading=\"lazy\" decoding=\"async\" width=\"2000\" height=\"1500\" src=\"https:\/\/www.lenhart-kosmetik.de\/wp-content\/uploads\/2015\/07\/lenhart-kosmetik_ruth-lenhart.jpg\" class=\"thb_image  attachment-full\" alt=\"Ruth Lenhart Produktion\" title=\"lenhart-kosmetik_ruth-lenhart\" srcset=\"https:\/\/www.lenhart-kosmetik.de\/wp-content\/uploads\/2015\/07\/lenhart-kosmetik_ruth-lenhart.jpg 2000w, https:\/\/www.lenhart-kosmetik.de\/wp-content\/uploads\/2015\/07\/lenhart-kosmetik_ruth-lenhart-1000x750.jpg 1000w, https:\/\/www.lenhart-kosmetik.de\/wp-content\/uploads\/2015\/07\/lenhart-kosmetik_ruth-lenhart-768x576.jpg 768w\" sizes=\"auto, (max-width: 2000px) 100vw, 2000px\" \/><\/div>[\/vc_column][\/vc_row][vc_row css=&#8220;.vc_custom_1476968588224{padding-top: 50px !important;}&#8220;][vc_column][vc_column_text css=&#8220;.vc_custom_1505812744171{padding-top: 20px !important;padding-bottom: 20px !important;}&#8220;]\n<h3 style=\"text-align: center;\">1970<\/h3>\n<p style=\"text-align: center;\">Bald reichten die R\u00e4umlichkeiten der Firma nicht mehr aus. Woraufhin im Jahr 1970 ein neues Betriebs- und B\u00fcrogeb\u00e4ude in der N\u00e4he der ersten Halle errichtet wurde.<\/p>\n[\/vc_column_text][\/vc_column][\/vc_row][vc_row][vc_column]<div class=\"caption-style1  center  thb_image_link wp-caption\"><img loading=\"lazy\" decoding=\"async\" width=\"2000\" height=\"1500\" src=\"https:\/\/www.lenhart-kosmetik.de\/wp-content\/uploads\/2015\/07\/lenhart-kosmetik_geschichte_produkte.jpg\" class=\"thb_image  attachment-full\" alt=\"Lenhart Kosmetik Produkte der Vergangenheit\" title=\"lenhart-kosmetik_geschichte_produkte\" srcset=\"https:\/\/www.lenhart-kosmetik.de\/wp-content\/uploads\/2015\/07\/lenhart-kosmetik_geschichte_produkte.jpg 2000w, https:\/\/www.lenhart-kosmetik.de\/wp-content\/uploads\/2015\/07\/lenhart-kosmetik_geschichte_produkte-1000x750.jpg 1000w, https:\/\/www.lenhart-kosmetik.de\/wp-content\/uploads\/2015\/07\/lenhart-kosmetik_geschichte_produkte-768x576.jpg 768w\" sizes=\"auto, (max-width: 2000px) 100vw, 2000px\" \/><\/div>[\/vc_column][\/vc_row][vc_row css=&#8220;.vc_custom_1476968588224{padding-top: 50px !important;}&#8220;][vc_column][vc_column_text css=&#8220;.vc_custom_1505812867714{padding-top: 20px !important;}&#8220;]\n<p style=\"text-align: center;\">Die hergestellten Produkte wurden vorwiegend in der westlichen Region der Bundesrepublik, \u00fcber Vertreter der Firma mit eigenen LKWs an SB-Hallen geliefert.<\/p>\n[\/vc_column_text][\/vc_column][\/vc_row][vc_row css=&#8220;.vc_custom_1476968588224{padding-top: 50px !important;}&#8220;][vc_column][vc_column_text css=&#8220;.vc_custom_1505812760285{padding-top: 20px !important;padding-bottom: 20px !important;}&#8220;]\n<h3 style=\"text-align: center;\">1999<\/h3>\n<p style=\"text-align: center;\">Das Unternehmen wuchs weiter und kam erneut an seine r\u00e4umliche Kapazit\u00e4tsgrenze. Aufgrund dessen wurde der Betrieb durch einen Anbau um 50 Prozent erweitert.<\/p>\n<p style=\"text-align: center;\">Zudem wurde\u00a01999 eine neue Halle gebaut. In der Zwischenzeit passte das Unternehmen seinen Maschinenpark der neuesten Technik an.<\/p>\n[\/vc_column_text][\/vc_column][\/vc_row][vc_row][vc_column]<div class=\"caption-style1  center  thb_image_link wp-caption\"><img loading=\"lazy\" decoding=\"async\" width=\"1276\" height=\"989\" src=\"https:\/\/www.lenhart-kosmetik.de\/wp-content\/uploads\/2015\/07\/lenhart-kosmetik_gebaeude_firma.jpg\" class=\"thb_image  attachment-full\" alt=\"Lenhart Kosmetik Geb\u00e4ude\" title=\"lenhart-kosmetik_gebaeude_firma\" srcset=\"https:\/\/www.lenhart-kosmetik.de\/wp-content\/uploads\/2015\/07\/lenhart-kosmetik_gebaeude_firma.jpg 1276w, https:\/\/www.lenhart-kosmetik.de\/wp-content\/uploads\/2015\/07\/lenhart-kosmetik_gebaeude_firma-1000x775.jpg 1000w, https:\/\/www.lenhart-kosmetik.de\/wp-content\/uploads\/2015\/07\/lenhart-kosmetik_gebaeude_firma-768x595.jpg 768w\" sizes=\"auto, (max-width: 1276px) 100vw, 1276px\" \/><\/div>[\/vc_column][\/vc_row][vc_row css=&#8220;.vc_custom_1502265645449{padding-top: 50px !important;}&#8220;][vc_column][vc_column_text css=&#8220;.vc_custom_1505812767995{padding-top: 20px !important;padding-bottom: 20px !important;}&#8220;]\n<h3 style=\"text-align: center;\">2014<\/h3>\n<p style=\"text-align: center;\">Am 01.01.2014 \u00fcbernahmen die S\u00f6hne Frank und Axel Lenhart die Firma.<\/p>\n[\/vc_column_text][\/vc_column][\/vc_row][vc_row][vc_column]<div class=\"caption-style1  center  thb_image_link wp-caption\"><img loading=\"lazy\" decoding=\"async\" width=\"2492\" height=\"1891\" src=\"https:\/\/www.lenhart-kosmetik.de\/wp-content\/uploads\/2015\/07\/lenhart-kosmetik_axel-lenhart_frank-lenhart.jpg\" class=\"thb_image  attachment-full\" alt=\"Axel Lenhart und Frank Lenhart\" title=\"lenhart-kosmetik_axel-lenhart_frank-lenhart\" srcset=\"https:\/\/www.lenhart-kosmetik.de\/wp-content\/uploads\/2015\/07\/lenhart-kosmetik_axel-lenhart_frank-lenhart.jpg 2492w, https:\/\/www.lenhart-kosmetik.de\/wp-content\/uploads\/2015\/07\/lenhart-kosmetik_axel-lenhart_frank-lenhart-1000x759.jpg 1000w, https:\/\/www.lenhart-kosmetik.de\/wp-content\/uploads\/2015\/07\/lenhart-kosmetik_axel-lenhart_frank-lenhart-768x583.jpg 768w\" sizes=\"auto, (max-width: 2492px) 100vw, 2492px\" \/><\/div>[\/vc_column][\/vc_row][vc_row css=&#8220;.vc_custom_1504610462303{padding-top: 50px !important;}&#8220;][vc_column][vc_column_text css=&#8220;.vc_custom_1505812778194{padding-top: 20px !important;padding-bottom: 20px !important;}&#8220;]\n<h3 style=\"text-align: center;\">2017<\/h3>\n<p style=\"text-align: center;\">Die Produktvielfalt w\u00e4chst best\u00e4ndig weiter. Um den Kundenw\u00fcnschen gerecht zu werden, wird 2017 nochmals\u00a0eine Betriebsvergr\u00f6\u00dferung vorgenommen.<\/p>\n[\/vc_column_text][\/vc_column][\/vc_row][vc_row css=&#8220;.vc_custom_1504778772886{margin-bottom: 100px !important;padding-bottom: 50px !important;}&#8220;][vc_column]<div class=\"caption-style1  center  thb_image_link wp-caption\"><img loading=\"lazy\" decoding=\"async\" width=\"1169\" height=\"612\" src=\"https:\/\/www.lenhart-kosmetik.de\/wp-content\/uploads\/2015\/07\/lenhart-kosmetik_gebaeude_planung.png\" class=\"thb_image  attachment-full\" alt=\"Lenhart Kosmetik neues Geb\u00e4ude\" title=\"lenhart-kosmetik_gebaeude_planung\" srcset=\"https:\/\/www.lenhart-kosmetik.de\/wp-content\/uploads\/2015\/07\/lenhart-kosmetik_gebaeude_planung.png 1169w, https:\/\/www.lenhart-kosmetik.de\/wp-content\/uploads\/2015\/07\/lenhart-kosmetik_gebaeude_planung-1000x524.png 1000w, https:\/\/www.lenhart-kosmetik.de\/wp-content\/uploads\/2015\/07\/lenhart-kosmetik_gebaeude_planung-768x402.png 768w\" sizes=\"auto, (max-width: 1169px) 100vw, 1169px\" \/><\/div>[\/vc_column][\/vc_row]\n<\/div>","protected":false},"excerpt":{"rendered":"<p>[vc_row type=&#8220;full_width_content&#8220;][vc_column][rev_slider_vc alias=&#8220;history&#8220;][\/vc_column][\/vc_row][vc_row row_id=&#8220;info&#8220; el_class=&#8220;text-center&#8220; css=&#8220;.vc_custom_1476968569772{padding-top: 100px !important;padding-bottom: 50px !important;}&#8220;][vc_column offset=&#8220;vc_col-lg-offset-3 vc_col-lg-6 vc_col-xs-12&#8243;][vc_column_text] GESCHICHTE VON LENHART KOSMETIK S E I T\u00a0\u00a0 \u00a0 \u00dc B E&hellip;<\/p>\n","protected":false},"author":1,"featured_media":0,"parent":0,"menu_order":2,"comment_status":"closed","ping_status":"closed","template":"","meta":{"footnotes":""},"class_list":["post-3833","page","type-page","status-publish","hentry"],"_links":{"self":[{"href":"https:\/\/www.lenhart-kosmetik.de\/de\/wp-json\/wp\/v2\/pages\/3833","targetHints":{"allow":["GET"]}}],"collection":[{"href":"https:\/\/www.lenhart-kosmetik.de\/de\/wp-json\/wp\/v2\/pages"}],"about":[{"href":"https:\/\/www.lenhart-kosmetik.de\/de\/wp-json\/wp\/v2\/types\/page"}],"author":[{"embeddable":true,"href":"https:\/\/www.lenhart-kosmetik.de\/de\/wp-json\/wp\/v2\/users\/1"}],"replies":[{"embeddable":true,"href":"https:\/\/www.lenhart-kosmetik.de\/de\/wp-json\/wp\/v2\/comments?post=3833"}],"version-history":[{"count":124,"href":"https:\/\/www.lenhart-kosmetik.de\/de\/wp-json\/wp\/v2\/pages\/3833\/revisions"}],"predecessor-version":[{"id":6668,"href":"https:\/\/www.lenhart-kosmetik.de\/de\/wp-json\/wp\/v2\/pages\/3833\/revisions\/6668"}],"wp:attachment":[{"href":"https:\/\/www.lenhart-kosmetik.de\/de\/wp-json\/wp\/v2\/media?parent=3833"}],"curies":[{"name":"wp","href":"https:\/\/api.w.org\/{rel}","templated":true}]}}