{"id":3930,"date":"2016-10-18T10:00:31","date_gmt":"2016-10-18T08:00:31","guid":{"rendered":"https:\/\/www.lenhart-kosmetik.de\/\/?page_id=3930"},"modified":"2026-01-21T11:13:06","modified_gmt":"2026-01-21T10:13:06","slug":"teeprosyn","status":"publish","type":"page","link":"https:\/\/www.lenhart-kosmetik.de\/de\/teeprosyn\/","title":{"rendered":"TeeProSyn"},"content":{"rendered":"<div class=\"wpb-content-wrapper\">[vc_row type=&#8220;full_width_content&#8220;][vc_column][vc_raw_html]JTNDdGFibGUlMjBjbGFzcyUzRCUyMmhlYWRpbWclMjIlM0UlMEElM0N0Ym9keSUzRSUwQSUzQ3RyJTNFJTBBJTNDdGQlM0UlM0NpbWclMjBzcmMlM0QlMjJodHRwcyUzQSUyRiUyRnd3dy5sZW5oYXJ0LWtvc21ldGlrLmRlJTJGd3AtY29udGVudCUyRnVwbG9hZHMlMkYyMDE1JTJGMDclMkZsZW5oYXJ0LWtvc21ldGlrX3RlZXByb3N5bl9uYXR1ci5qcGclMjIlMjAlMkYlM0UlM0MlMkZ0ZCUzRSUwQSUzQ3RkJTNFJTNDaW1nJTIwc3JjJTNEJTIyaHR0cHMlM0ElMkYlMkZ3d3cubGVuaGFydC1rb3NtZXRpay5kZSUyRndwLWNvbnRlbnQlMkZ1cGxvYWRzJTJGMjAxNSUyRjA3JTJGbGVuaGFydC1rb3NtZXRpa190ZWVwcm9zeW5fdml0YWxwZmxlZ2UuanBnJTIyJTIwJTJGJTNFJTNDJTJGdGQlM0UlMEElM0N0ZCUzRSUzQ2ltZyUyMHNyYyUzRCUyMmh0dHBzJTNBJTJGJTJGd3d3LmxlbmhhcnQta29zbWV0aWsuZGUlMkZ3cC1jb250ZW50JTJGdXBsb2FkcyUyRjIwMTUlMkYwNyUyRmxlbmhhcnQta29zbWV0aWtfdGVlcHJvc3luX3ZpdGFsLmpwZyUyMiUyMCUyRiUzRSUzQyUyRnRkJTNFJTBBJTNDdGQlM0UlM0NpbWclMjBzcmMlM0QlMjJodHRwcyUzQSUyRiUyRnd3dy5sZW5oYXJ0LWtvc21ldGlrLmRlJTJGd3AtY29udGVudCUyRnVwbG9hZHMlMkYyMDE1JTJGMDclMkZsZW5oYXJ0LWtvc21ldGlrX3RlZXByb3N5bl9uYXR1ZXJsaWNoLmpwZyUyMiUyMCUyRiUzRSUzQyUyRnRkJTNFJTBBJTNDJTJGdHIlM0UlMEElM0MlMkZ0Ym9keSUzRSUwQSUzQyUyRnRhYmxlJTNF[\/vc_raw_html][\/vc_column][\/vc_row][vc_row type=&#8220;full_width_content&#8220;][vc_column][vc_raw_html]JTNDdGFibGUlMjBjbGFzcyUzRCUyMmhlYWRpbWdyZXMlMjIlM0UlMEElM0N0Ym9keSUzRSUwQSUzQ3RyJTNFJTBBJTNDdGQlM0UlM0NpbWclMjBzcmMlM0QlMjJodHRwcyUzQSUyRiUyRnd3dy5sZW5oYXJ0LWtvc21ldGlrLmRlJTJGd3AtY29udGVudCUyRnVwbG9hZHMlMkYyMDE1JTJGMDclMkZsZW5oYXJ0LWtvc21ldGlrX3RlZXByb3N5bl9uYXR1ci5qcGclMjIlMjAlMkYlM0UlM0MlMkZ0ZCUzRSUwQSUzQ3RkJTNFJTNDaW1nJTIwc3JjJTNEJTIyaHR0cHMlM0ElMkYlMkZ3d3cubGVuaGFydC1rb3NtZXRpay5kZSUyRndwLWNvbnRlbnQlMkZ1cGxvYWRzJTJGMjAxNSUyRjA3JTJGbGVuaGFydC1rb3NtZXRpa190ZWVwcm9zeW5fdml0YWxwZmxlZ2UuanBnJTIyJTIwJTJGJTNFJTNDJTJGdGQlM0UlMEElM0MlMkZ0ciUzRSUzQ3RyJTNFJTBBJTNDdGQlM0UlM0NpbWclMjBzcmMlM0QlMjJodHRwcyUzQSUyRiUyRnd3dy5sZW5oYXJ0LWtvc21ldGlrLmRlJTJGd3AtY29udGVudCUyRnVwbG9hZHMlMkYyMDE1JTJGMDclMkZsZW5oYXJ0LWtvc21ldGlrX3RlZXByb3N5bl92aXRhbC5qcGclMjIlMjAlMkYlM0UlM0MlMkZ0ZCUzRSUwQSUzQ3RkJTNFJTNDaW1nJTIwc3JjJTNEJTIyaHR0cHMlM0ElMkYlMkZ3d3cubGVuaGFydC1rb3NtZXRpay5kZSUyRndwLWNvbnRlbnQlMkZ1cGxvYWRzJTJGMjAxNSUyRjA3JTJGbGVuaGFydC1rb3NtZXRpa190ZWVwcm9zeW5fbmF0dWVybGljaC5qcGclMjIlMjAlMkYlM0UlM0MlMkZ0ZCUzRSUwQSUzQyUyRnRyJTNFJTBBJTNDJTJGdGJvZHklM0UlMEElM0MlMkZ0YWJsZSUzRQ==[\/vc_raw_html][\/vc_column][\/vc_row][vc_row row_id=&#8220;info&#8220; el_class=&#8220;text-center&#8220; css=&#8220;.vc_custom_1501578708715{margin-top: 100px !important;margin-bottom: 100px !important;}&#8220;][vc_column offset=&#8220;vc_col-lg-offset-3 vc_col-lg-6 vc_col-xs-12&#8243; css=&#8220;.vc_custom_1501238775603{margin-bottom: 30px !important;}&#8220;][vc_column_text]\n<p class=\"p1\" style=\"text-align: center;\"><img loading=\"lazy\" decoding=\"async\" class=\"aligncenter wp-image-3905 size-thumbnail\" src=\"https:\/\/www.lenhart-kosmetik.de\/\/wp-content\/uploads\/2015\/07\/teeprosyn_zew.png\" width=\"150\" height=\"150\" \/><\/p>\n<p style=\"text-align: center;\">TeeProSyn ist eine Produktserie f\u00fcr Frauen und M\u00e4nner jeden Alters, die eine nat\u00fcrliche und beruhigende Pflege ihres K\u00f6rpers bevorzugen.<\/p>\n[\/vc_column_text][\/vc_column][\/vc_row][vc_row type=&#8220;full_width_background&#8220; css=&#8220;.vc_custom_1472826582803{padding-top: 100px !important;padding-bottom: 100px !important;background-color: #f2f2f2 !important;}&#8220; el_class=&#8220;nom&#8220;][vc_column el_class=&#8220;nom&#8220;]\t<div id=\"thb-iconbox-69f9e016759ca\" class=\"thb-iconbox top type1 text-center animation-animation bottom-to-top\" href=\"\" target=\"\" data-animation_speed=\"1.5\">\r\n\t\t\t\t\t\t<div class=\"iconbox-content\">\r\n\t\t\t\t\t\t\t\t<\/div>\r\n\t\t<style>\r\n\t\t\t\t\t\t\t\t\t\t\t\t\t\t\t\t\t\t\t\t<\/style>\r\n\t<\/div>\r\n\t[vc_column_text]\n<h2 style=\"margin-bottom: 5px; text-align: center;\">WEITERE MARKEN VON LENHART<\/h2>\n<p style=\"text-align: center;\"><span style=\"color: #111; font-size: 16px; font-weight: 300;\">S E I T\u00a0\u00a0 \u00a0 \u00dc B E R\u00a0\u00a0 \u00a0 5 0 \u00a0 J A H R E N\u00a0\u00a0 \u00a0 Q U A L I T \u00c4 T<br \/>\n<\/span><\/p>\n[\/vc_column_text][vc_row_inner][vc_column_inner width=&#8220;1\/2&#8243;]<div class=\"caption-style1  center  thb_image_link wp-caption\"><a  href=\"https:\/\/www.lenhart-kosmetik.de\/alpi-fresh\/\" target=\"_self\" title=\"\"><img decoding=\"async\" class=\"thb_image  \" src=\"https:\/\/www.lenhart-kosmetik.de\/wp-content\/uploads\/2016\/09\/alpi-150x150.png\" width=\"150\" height=\"150\" alt=\"alpi\" title=\"alpi\" loading=\"lazy\" \/><\/a><\/div>[\/vc_column_inner][vc_column_inner width=&#8220;1\/2&#8243;]<div class=\"caption-style1  center  thb_image_link wp-caption\"><a  href=\"https:\/\/www.lenhart-kosmetik.de\/lara-bellucci-2\/\" target=\"_self\" title=\"\"><img decoding=\"async\" class=\"thb_image  \" src=\"https:\/\/www.lenhart-kosmetik.de\/wp-content\/uploads\/2016\/09\/Lara-bellucci-150x150.png\" width=\"150\" height=\"150\" alt=\"lara-bellucci\" title=\"lara-bellucci\" loading=\"lazy\" \/><\/a><\/div>[\/vc_column_inner][\/vc_row_inner][\/vc_column][\/vc_row]\n<\/div>","protected":false},"excerpt":{"rendered":"<p>[vc_row type=&#8220;full_width_content&#8220;][vc_column][vc_raw_html]JTNDdGFibGUlMjBjbGFzcyUzRCUyMmhlYWRpbWclMjIlM0UlMEElM0N0Ym9keSUzRSUwQSUzQ3RyJTNFJTBBJTNDdGQlM0UlM0NpbWclMjBzcmMlM0QlMjJodHRwcyUzQSUyRiUyRnd3dy5sZW5oYXJ0LWtvc21ldGlrLmRlJTJGd3AtY29udGVudCUyRnVwbG9hZHMlMkYyMDE1JTJGMDclMkZsZW5oYXJ0LWtvc21ldGlrX3RlZXByb3N5bl9uYXR1ci5qcGclMjIlMjAlMkYlM0UlM0MlMkZ0ZCUzRSUwQSUzQ3RkJTNFJTNDaW1nJTIwc3JjJTNEJTIyaHR0cHMlM0ElMkYlMkZ3d3cubGVuaGFydC1rb3NtZXRpay5kZSUyRndwLWNvbnRlbnQlMkZ1cGxvYWRzJTJGMjAxNSUyRjA3JTJGbGVuaGFydC1rb3NtZXRpa190ZWVwcm9zeW5fdml0YWxwZmxlZ2UuanBnJTIyJTIwJTJGJTNFJTNDJTJGdGQlM0UlMEElM0N0ZCUzRSUzQ2ltZyUyMHNyYyUzRCUyMmh0dHBzJTNBJTJGJTJGd3d3LmxlbmhhcnQta29zbWV0aWsuZGUlMkZ3cC1jb250ZW50JTJGdXBsb2FkcyUyRjIwMTUlMkYwNyUyRmxlbmhhcnQta29zbWV0aWtfdGVlcHJvc3luX3ZpdGFsLmpwZyUyMiUyMCUyRiUzRSUzQyUyRnRkJTNFJTBBJTNDdGQlM0UlM0NpbWclMjBzcmMlM0QlMjJodHRwcyUzQSUyRiUyRnd3dy5sZW5oYXJ0LWtvc21ldGlrLmRlJTJGd3AtY29udGVudCUyRnVwbG9hZHMlMkYyMDE1JTJGMDclMkZsZW5oYXJ0LWtvc21ldGlrX3RlZXByb3N5bl9uYXR1ZXJsaWNoLmpwZyUyMiUyMCUyRiUzRSUzQyUyRnRkJTNFJTBBJTNDJTJGdHIlM0UlMEElM0MlMkZ0Ym9keSUzRSUwQSUzQyUyRnRhYmxlJTNF[\/vc_raw_html][\/vc_column][\/vc_row][vc_row type=&#8220;full_width_content&#8220;][vc_column][vc_raw_html]JTNDdGFibGUlMjBjbGFzcyUzRCUyMmhlYWRpbWdyZXMlMjIlM0UlMEElM0N0Ym9keSUzRSUwQSUzQ3RyJTNFJTBBJTNDdGQlM0UlM0NpbWclMjBzcmMlM0QlMjJodHRwcyUzQSUyRiUyRnd3dy5sZW5oYXJ0LWtvc21ldGlrLmRlJTJGd3AtY29udGVudCUyRnVwbG9hZHMlMkYyMDE1JTJGMDclMkZsZW5oYXJ0LWtvc21ldGlrX3RlZXByb3N5bl9uYXR1ci5qcGclMjIlMjAlMkYlM0UlM0MlMkZ0ZCUzRSUwQSUzQ3RkJTNFJTNDaW1nJTIwc3JjJTNEJTIyaHR0cHMlM0ElMkYlMkZ3d3cubGVuaGFydC1rb3NtZXRpay5kZSUyRndwLWNvbnRlbnQlMkZ1cGxvYWRzJTJGMjAxNSUyRjA3JTJGbGVuaGFydC1rb3NtZXRpa190ZWVwcm9zeW5fdml0YWxwZmxlZ2UuanBnJTIyJTIwJTJGJTNFJTNDJTJGdGQlM0UlMEElM0MlMkZ0ciUzRSUzQ3RyJTNFJTBBJTNDdGQlM0UlM0NpbWclMjBzcmMlM0QlMjJodHRwcyUzQSUyRiUyRnd3dy5sZW5oYXJ0LWtvc21ldGlrLmRlJTJGd3AtY29udGVudCUyRnVwbG9hZHMlMkYyMDE1JTJGMDclMkZsZW5oYXJ0LWtvc21ldGlrX3RlZXByb3N5bl92aXRhbC5qcGclMjIlMjAlMkYlM0UlM0MlMkZ0ZCUzRSUwQSUzQ3RkJTNFJTNDaW1nJTIwc3JjJTNEJTIyaHR0cHMlM0ElMkYlMkZ3d3cubGVuaGFydC1rb3NtZXRpay5kZSUyRndwLWNvbnRlbnQlMkZ1cGxvYWRzJTJGMjAxNSUyRjA3JTJGbGVuaGFydC1rb3NtZXRpa190ZWVwcm9zeW5fbmF0dWVybGljaC5qcGclMjIlMjAlMkYlM0UlM0MlMkZ0ZCUzRSUwQSUzQyUyRnRyJTNFJTBBJTNDJTJGdGJvZHklM0UlMEElM0MlMkZ0YWJsZSUzRQ==[\/vc_raw_html][\/vc_column][\/vc_row][vc_row row_id=&#8220;info&#8220; el_class=&#8220;text-center&#8220; css=&#8220;.vc_custom_1501578708715{margin-top: 100px !important;margin-bottom: 100px !important;}&#8220;][vc_column offset=&#8220;vc_col-lg-offset-3 vc_col-lg-6 vc_col-xs-12&#8243; css=&#8220;.vc_custom_1501238775603{margin-bottom: 30px !important;}&#8220;][vc_column_text] TeeProSyn ist eine Produktserie f\u00fcr Frauen und M\u00e4nner jeden&hellip;<\/p>\n","protected":false},"author":1,"featured_media":0,"parent":0,"menu_order":12,"comment_status":"closed","ping_status":"closed","template":"","meta":{"footnotes":""},"class_list":["post-3930","page","type-page","status-publish","hentry"],"_links":{"self":[{"href":"https:\/\/www.lenhart-kosmetik.de\/de\/wp-json\/wp\/v2\/pages\/3930","targetHints":{"allow":["GET"]}}],"collection":[{"href":"https:\/\/www.lenhart-kosmetik.de\/de\/wp-json\/wp\/v2\/pages"}],"about":[{"href":"https:\/\/www.lenhart-kosmetik.de\/de\/wp-json\/wp\/v2\/types\/page"}],"author":[{"embeddable":true,"href":"https:\/\/www.lenhart-kosmetik.de\/de\/wp-json\/wp\/v2\/users\/1"}],"replies":[{"embeddable":true,"href":"https:\/\/www.lenhart-kosmetik.de\/de\/wp-json\/wp\/v2\/comments?post=3930"}],"version-history":[{"count":45,"href":"https:\/\/www.lenhart-kosmetik.de\/de\/wp-json\/wp\/v2\/pages\/3930\/revisions"}],"predecessor-version":[{"id":6688,"href":"https:\/\/www.lenhart-kosmetik.de\/de\/wp-json\/wp\/v2\/pages\/3930\/revisions\/6688"}],"wp:attachment":[{"href":"https:\/\/www.lenhart-kosmetik.de\/de\/wp-json\/wp\/v2\/media?parent=3930"}],"curies":[{"name":"wp","href":"https:\/\/api.w.org\/{rel}","templated":true}]}}