{"id":5646,"date":"2019-02-19T10:03:48","date_gmt":"2019-02-19T09:03:48","guid":{"rendered":"https:\/\/www.lenhart-kosmetik.de\/?page_id=5646"},"modified":"2021-10-15T14:01:13","modified_gmt":"2021-10-15T12:01:13","slug":"nachhaltigkeit","status":"publish","type":"page","link":"https:\/\/www.lenhart-kosmetik.de\/de\/nachhaltigkeit\/","title":{"rendered":"NACHHALTIGKEIT"},"content":{"rendered":"<div class=\"wpb-content-wrapper\">[vc_row][vc_column][rev_slider_vc alias=&#8220;qualitaetspolitik&#8220;][\/vc_column][\/vc_row][vc_row type=&#8220;full_width_background&#8220; css=&#8220;.vc_custom_1479225552145{padding-bottom: 100px !important;background-color: rgba(149,193,30,0.1) !important;*background-color: rgb(149,193,30) !important;}&#8220;][vc_column][vc_raw_html css=&#8220;.vc_custom_1550661863050{padding-top: 50px !important;padding-bottom: 50px !important;}&#8220;]JTNDaW1nJTIwc3R5bGUlM0QlMjJkaXNwbGF5JTNBJTIwYmxvY2slM0IlMEFtYXJnaW4lM0ElMjBhdXRvJTNCJTIyJTIwc3JjJTNEJTIyJTJGd3AtY29udGVudCUyRnVwbG9hZHMlMkYyMDE1JTJGMDclMkZMZW5oYXJ0X0ljb25zX0VudHd1cmZzcmVpaGVfMV9laW56ZWxuLTAxLnBuZyUyMiUyMGFsdCUzRCUyMiUyMiUyMHdpZHRoJTNEJTIyOTBweCUyMiUyMGhlaWdodCUzRCUyMjkwcHglMjIlMkYlM0UlM0MlMkZhJTNFJTNDYnIlMkYlM0UlMEE=[\/vc_raw_html][vc_column_text]\n<h1 style=\"text-align: center; letter-spacing: 7px; hyphens: manual; margin-bottom: 10px;\"><span style=\"color: #95c11e;\">Nachhaltigkeit<\/span><\/h1>\n[\/vc_column_text][vc_column_text]Die \u00d6lpalme ist um ein vielfaches ertragreicher als andere f\u00fcr \u00d6l kultivierte Pflanzen. Man gewinnt aus ihr also mehr \u00d6l pro Fl\u00e4che. Palm- und Palmkern\u00f6l sind daher alternativlos, um eine wachsende Weltbev\u00f6lkerung mit steigenden Anspr\u00fcchen mit Pflanzen\u00f6len zu versorgen. Daraus werden sogenannte Derivate hergestellt, die als Grundstoffe f\u00fcr Kosmetik dienen. Ein Ersatz durch ein anderes \u00d6l f\u00fchrt zu einem h\u00f6heren Bedarf an landwirtschaftlicher Nutzfl\u00e4che und verlagert die Probleme. Daher ist die Unterst\u00fctzung von nachhaltig angebautem Palm\u00f6l das erkl\u00e4rte Ziel von Handel und Herstellern. Durch den gezielten Zukauf von nachhaltig angebautem Palm\u00f6l sorgen wir daf\u00fcr, dass die entsprechenden Bauern unterst\u00fctzt und gest\u00e4rkt werden.<\/p>\n<p>Die Herausforderung f\u00fcr die Zukunft wird darin bestehen, s\u00e4mtliche Rohstoffe, die aus \u00d6lpalmen gewonnen werden, aus einer zertifizierten Quelle zu beziehen, um alle unsere Marken in zertifizierter Qualit\u00e4t anbieten k\u00f6nnen. Dieses anspruchsvolle Ziel erreichen wir durch geeignete Lieferantenauswahl, ggf. Lieferantenwechsel und Umformulierung unserer Produkte.[\/vc_column_text][\/vc_column][\/vc_row][vc_row css=&#8220;.vc_custom_1467211052899{padding-top: 100px !important;padding-bottom: 100px !important;}&#8220;][vc_column][vc_column_text]\n<h2 style=\"margin-bottom: 5px; text-align: center;\">WEITERE KOMPETENZEN<\/h2>\n<p style=\"text-align: center;\"><span style=\"color: #111; font-size: 16px; font-weight: 300;\">S E I T \u00dc B E R 5 0 J A H R E N Q U A L I T \u00c4 T<br \/>\n<\/span><\/p>\n[\/vc_column_text][vc_row_inner css=&#8220;.vc_custom_1472826280012{padding-top: 50px !important;}&#8220;][vc_column_inner width=&#8220;1\/12&#8243;][\/vc_column_inner][vc_column_inner el_class=&#8220;ent&#8220; width=&#8220;2\/12&#8243;][vc_raw_html]JTNDYSUyMGhyZWYlM0QlMjIlMkZlbnR3aWNrbHVuZyUyRiUyMiUzRSUzQ2ltZyUyMHN0eWxlJTNEJTIyZGlzcGxheSUzQSUyMGJsb2NrJTNCJTBBbWFyZ2luJTNBJTIwYXV0byUzQiUyMiUyMHNyYyUzRCUyMiUyRndwLWNvbnRlbnQlMkZ1cGxvYWRzJTJGMjAxNSUyRjA3JTJGTGVuaGFydF9JY29uc19FbnR3dXJmc3JlaWhlXzFfZWluemVsbi0wMi5wbmclMjIlMjBhbHQlM0QlMjIlMjIlMjBvbm1vdXNlb3ZlciUzRCUwQSUyMnNyYyUzRCUyNyUyRndwLWNvbnRlbnQlMkZ1cGxvYWRzJTJGMjAxNSUyRjA3JTJGTGVuaGFydF9JY29uc19FbnR3dXJmc3JlaWhlXzFfZWluemVsbl9ob3ZlLTE2LnBuZyUyNyUyMiUyMG9ubW91c2VvdXQlM0QlMjJzcmMlM0QlMjclMkZ3cC1jb250ZW50JTJGdXBsb2FkcyUyRjIwMTUlMkYwNyUyRkxlbmhhcnRfSWNvbnNfRW50d3VyZnNyZWloZV8xX2VpbnplbG4tMDIucG5nJTI3JTIyJTIwd2lkdGglM0QlMjI5MHB4JTIyJTIyJTIwaGVpZ2h0JTNEJTIyOTBweCUyMiUyRiUzRSUzQyUyRmElM0UlM0NiciUyRiUzRSUwQSUzQ3AlMjBzdHlsZSUzRCUyMnRleHQtYWxpZ24lM0ElMjBjZW50ZXIlM0IlMjBmb250LXNpemUlM0ElMjAxMnB4JTNCJTIyJTNFJTNDYSUyMGhyZWYlM0QlMjIlMkZlbnR3aWNrbHVuZyUyRiUyMiUzRUVOVFdJQ0tMVU5HJTNDJTJGYSUzRSUzQyUyRnAlM0U=[\/vc_raw_html][\/vc_column_inner][vc_column_inner el_class=&#8220;pro&#8220; width=&#8220;2\/12&#8243;][vc_raw_html]JTNDYSUyMGhyZWYlM0QlMjIlMkZwcm9kdWt0aW9uJTJGJTIyJTNFJTNDaW1nJTIwc3R5bGUlM0QlMjJkaXNwbGF5JTNBJTIwYmxvY2slM0IlMEFtYXJnaW4lM0ElMjBhdXRvJTNCJTIyJTIwc3JjJTNEJTIyJTJGd3AtY29udGVudCUyRnVwbG9hZHMlMkYyMDE1JTJGMDclMkZMZW5oYXJ0X0ljb25zX0VudHd1cmZzcmVpaGVfMV9laW56ZWxuLTAzLnBuZyUyMiUyMGFsdCUzRCUyMiUyMiUyMG9ubW91c2VvdmVyJTNEJTBBJTIyc3JjJTNEJTI3JTJGd3AtY29udGVudCUyRnVwbG9hZHMlMkYyMDE1JTJGMDclMkZMZW5oYXJ0X0ljb25zX0VudHd1cmZzcmVpaGVfMV9laW56ZWxuX2hvdmUtMTUucG5nJTI3JTIyJTIwb25tb3VzZW91dCUzRCUyMnNyYyUzRCUyNyUyRndwLWNvbnRlbnQlMkZ1cGxvYWRzJTJGMjAxNSUyRjA3JTJGTGVuaGFydF9JY29uc19FbnR3dXJmc3JlaWhlXzFfZWluemVsbi0wMy5wbmclMjclMjIlMjB3aWR0aCUzRCUyMjkwcHglMjIlMjBoZWlnaHQlM0QlMjI5MHB4JTIyJTJGJTNFJTNDJTJGYSUzRSUzQ2JyJTJGJTNFJTBBJTNDcCUyMHN0eWxlJTNEJTIydGV4dC1hbGlnbiUzQSUyMGNlbnRlciUzQiUyMGZvbnQtc2l6ZSUzQSUyMDEycHglM0IlMjIlM0UlM0NhJTIwaHJlZiUzRCUyMiUyRnByb2R1a3Rpb24lMkYlMjIlM0VQUk9EVUtUSU9OJTNDJTJGYSUzRSUzQyUyRnAlM0U=[\/vc_raw_html][\/vc_column_inner][vc_column_inner el_class=&#8220;die&#8220; width=&#8220;2\/12&#8243;][vc_raw_html]JTNDYSUyMGhyZWYlM0QlMjIlMkZkaWVuc3RsZWlzdHVuZ2VuJTJGJTIyJTNFJTNDaW1nJTIwc3R5bGUlM0QlMjJkaXNwbGF5JTNBJTIwYmxvY2slM0IlMEFtYXJnaW4lM0ElMjBhdXRvJTNCJTIyJTIwc3JjJTNEJTIyJTJGd3AtY29udGVudCUyRnVwbG9hZHMlMkYyMDE1JTJGMDclMkZMZW5oYXJ0X0ljb25zX0VudHd1cmZzcmVpaGVfMV9laW56ZWxuLTA0LnBuZyUyMiUyMGFsdCUzRCUyMiUyMiUyMG9ubW91c2VvdmVyJTNEJTBBJTIyc3JjJTNEJTI3JTJGd3AtY29udGVudCUyRnVwbG9hZHMlMkYyMDE1JTJGMDclMkZMZW5oYXJ0X0ljb25zX0VudHd1cmZzcmVpaGVfMV9laW56ZWxuX2hvdmUtMTQucG5nJTI3JTIyJTIwb25tb3VzZW91dCUzRCUyMnNyYyUzRCUyNyUyRndwLWNvbnRlbnQlMkZ1cGxvYWRzJTJGMjAxNSUyRjA3JTJGTGVuaGFydF9JY29uc19FbnR3dXJmc3JlaWhlXzFfZWluemVsbi0wNC5wbmclMjclMjIlMjB3aWR0aCUzRCUyMjkwcHglMjIlMjBoZWlnaHQlM0QlMjI5MHB4JTIyJTJGJTNFJTNDJTJGYSUzRSUzQ2JyJTJGJTNFJTBBJTNDcCUyMHN0eWxlJTNEJTIydGV4dC1hbGlnbiUzQSUyMGNlbnRlciUzQiUyMGZvbnQtc2l6ZSUzQSUyMDEycHglM0IlMjIlM0UlM0NhJTIwaHJlZiUzRCUyMiUyRmRpZW5zdGxlaXN0dW5nZW4lMkYlMjIlM0VESUVOU1RMRUlTVFVOR0VOJTNDJTJGYSUzRSUzQyUyRnAlM0U=[\/vc_raw_html][\/vc_column_inner][vc_column_inner el_class=&#8220;mar&#8220; width=&#8220;2\/12&#8243;][vc_raw_html]JTNDYSUyMGhyZWYlM0QlMjIlMkZxdWFsaXRhZXRzcG9saXRpayUyRiUyMiUzRSUzQ2ltZyUyMHN0eWxlJTNEJTIyZGlzcGxheSUzQSUyMGJsb2NrJTNCJTBBbWFyZ2luJTNBJTIwYXV0byUzQiUyMiUyMHNyYyUzRCUyMiUyRndwLWNvbnRlbnQlMkZ1cGxvYWRzJTJGMjAxNSUyRjA3JTJGUXVhbGl0YWV0X2RhcmsucG5nJTIyJTIwYWx0JTNEJTIyJTIyJTIwb25tb3VzZW92ZXIlM0QlMEElMjJzcmMlM0QlMjclMkZ3cC1jb250ZW50JTJGdXBsb2FkcyUyRjIwMTUlMkYwNyUyRlF1YWxpdGFldF9saWdodC5wbmclMjclMjIlMjBvbm1vdXNlb3V0JTNEJTIyc3JjJTNEJTI3JTJGd3AtY29udGVudCUyRnVwbG9hZHMlMkYyMDE1JTJGMDclMkZRdWFsaXRhZXRfZGFyay5wbmclMjclMjIlMjB3aWR0aCUzRCUyMjkwcHglMjIlMjBoZWlnaHQlM0QlMjI5MHB4JTIyJTJGJTNFJTNDJTJGYSUzRSUzQ2JyJTJGJTNFJTBBJTNDcCUyMHN0eWxlJTNEJTIydGV4dC1hbGlnbiUzQSUyMGNlbnRlciUzQiUyMGZvbnQtc2l6ZSUzQSUyMDEycHglM0IlMjIlM0UlM0NhJTIwaHJlZiUzRCUyMiUyRnF1YWxpdGFldHNwb2xpdGlrJTJGJTIyJTNFUVVBTElUJUMzJTg0VFNQT0xJVElLJTNDJTJGYSUzRSUzQyUyRnAlM0U=[\/vc_raw_html][\/vc_column_inner][vc_column_inner width=&#8220;2\/12&#8243;][vc_raw_html]JTNDYSUyMGhyZWYlM0QlMjIlMkZtYXJrZW4tbWFlcmt0ZSUyRiUyMiUzRSUzQ2ltZyUyMHN0eWxlJTNEJTIyZGlzcGxheSUzQSUyMGJsb2NrJTNCJTBBbWFyZ2luJTNBJTIwYXV0byUzQiUyMiUyMHNyYyUzRCUyMiUyRndwLWNvbnRlbnQlMkZ1cGxvYWRzJTJGMjAxNSUyRjA3JTJGTGVuaGFydF9JY29uc19FbnR3dXJmc3JlaWhlXzFfZWluemVsbi0wNi5wbmclMjIlMjBhbHQlM0QlMjIlMjIlMjBvbm1vdXNlb3ZlciUzRCUwQSUyMnNyYyUzRCUyNyUyRndwLWNvbnRlbnQlMkZ1cGxvYWRzJTJGMjAxNSUyRjA3JTJGTGVuaGFydF9JY29uc19FbnR3dXJmc3JlaWhlXzFfZWluemVsbl9ob3ZlLTExLnBuZyUyNyUyMiUyMG9ubW91c2VvdXQlM0QlMjJzcmMlM0QlMjclMkZ3cC1jb250ZW50JTJGdXBsb2FkcyUyRjIwMTUlMkYwNyUyRkxlbmhhcnRfSWNvbnNfRW50d3VyZnNyZWloZV8xX2VpbnplbG4tMDYucG5nJTI3JTIyJTIwd2lkdGglM0QlMjI5MHB4JTIyJTIwaGVpZ2h0JTNEJTIyOTBweCUyMiUyRiUzRSUzQyUyRmElM0UlM0NiciUyRiUzRSUwQSUzQ3AlMjBzdHlsZSUzRCUyMnRleHQtYWxpZ24lM0ElMjBjZW50ZXIlM0IlMjBmb250LXNpemUlM0ElMjAxMnB4JTNCJTIyJTNFJTNDYSUyMGhyZWYlM0QlMjIlMkZtYXJrZW4tbWFlcmt0ZSUyRiUyMiUzRU1BUktFTiUyMCUyNmFtcCUzQiUyME0lQzMlODRSS1RFJTNDJTJGYSUzRSUzQyUyRnAlM0U=[\/vc_raw_html][\/vc_column_inner][vc_column_inner width=&#8220;1\/12&#8243;][\/vc_column_inner][\/vc_row_inner][\/vc_column][\/vc_row]\n<\/div>","protected":false},"excerpt":{"rendered":"<p>[vc_row][vc_column][rev_slider_vc alias=&#8220;qualitaetspolitik&#8220;][\/vc_column][\/vc_row][vc_row type=&#8220;full_width_background&#8220; css=&#8220;.vc_custom_1479225552145{padding-bottom: 100px !important;background-color: rgba(149,193,30,0.1) !important;*background-color: rgb(149,193,30) !important;}&#8220;][vc_column][vc_raw_html css=&#8220;.vc_custom_1550661863050{padding-top: 50px !important;padding-bottom: 50px !important;}&#8220;]JTNDaW1nJTIwc3R5bGUlM0QlMjJkaXNwbGF5JTNBJTIwYmxvY2slM0IlMEFtYXJnaW4lM0ElMjBhdXRvJTNCJTIyJTIwc3JjJTNEJTIyJTJGd3AtY29udGVudCUyRnVwbG9hZHMlMkYyMDE1JTJGMDclMkZMZW5oYXJ0X0ljb25zX0VudHd1cmZzcmVpaGVfMV9laW56ZWxuLTAxLnBuZyUyMiUyMGFsdCUzRCUyMiUyMiUyMHdpZHRoJTNEJTIyOTBweCUyMiUyMGhlaWdodCUzRCUyMjkwcHglMjIlMkYlM0UlM0MlMkZhJTNFJTNDYnIlMkYlM0UlMEE=[\/vc_raw_html][vc_column_text] Nachhaltigkeit [\/vc_column_text][vc_column_text]Die \u00d6lpalme ist um ein vielfaches ertragreicher als andere&hellip;<\/p>\n","protected":false},"author":1,"featured_media":0,"parent":0,"menu_order":0,"comment_status":"closed","ping_status":"closed","template":"","meta":{"footnotes":""},"class_list":["post-5646","page","type-page","status-publish","hentry"],"_links":{"self":[{"href":"https:\/\/www.lenhart-kosmetik.de\/de\/wp-json\/wp\/v2\/pages\/5646","targetHints":{"allow":["GET"]}}],"collection":[{"href":"https:\/\/www.lenhart-kosmetik.de\/de\/wp-json\/wp\/v2\/pages"}],"about":[{"href":"https:\/\/www.lenhart-kosmetik.de\/de\/wp-json\/wp\/v2\/types\/page"}],"author":[{"embeddable":true,"href":"https:\/\/www.lenhart-kosmetik.de\/de\/wp-json\/wp\/v2\/users\/1"}],"replies":[{"embeddable":true,"href":"https:\/\/www.lenhart-kosmetik.de\/de\/wp-json\/wp\/v2\/comments?post=5646"}],"version-history":[{"count":14,"href":"https:\/\/www.lenhart-kosmetik.de\/de\/wp-json\/wp\/v2\/pages\/5646\/revisions"}],"predecessor-version":[{"id":6057,"href":"https:\/\/www.lenhart-kosmetik.de\/de\/wp-json\/wp\/v2\/pages\/5646\/revisions\/6057"}],"wp:attachment":[{"href":"https:\/\/www.lenhart-kosmetik.de\/de\/wp-json\/wp\/v2\/media?parent=5646"}],"curies":[{"name":"wp","href":"https:\/\/api.w.org\/{rel}","templated":true}]}}