{"id":3091,"date":"2016-06-28T10:14:50","date_gmt":"2016-06-28T08:14:50","guid":{"rendered":"https:\/\/www.lenhart-kosmetik.de\/\/?post_type=product&#038;p=3091"},"modified":"2016-10-06T10:50:54","modified_gmt":"2016-10-06T08:50:54","slug":"duschgel","status":"publish","type":"product","link":"https:\/\/www.lenhart-kosmetik.de\/de\/shop\/duschgel\/","title":{"rendered":"Alpifresh Shampoo Colour Shine"},"content":{"rendered":"<div class=\"wpb-content-wrapper\">[vc_row][vc_column][vc_column_text]\n<p>Ich bin ein Textblock. Klicken Sie auf den Bearbeiten Button um diesen Text zu \u00e4ndern. Lorem ipsum dolor sit amet, consectetur adipiscing elit. Ut elit tellus, luctus nec ullamcorper mattis, pulvinar dapibus leo.<\/p>\n[\/vc_column_text][\/vc_column][\/vc_row]\n<\/div>","protected":false},"excerpt":{"rendered":"<p><strong>Eine wunderbare Heiterkeit hat meine ganze Seele eingenommen, gleich den s\u00fc\u00dfen Fr\u00fchlingsmorgen, die ich mit ganzem Herzen genie\u00dfe.<\/strong><\/p>\n<p>Ich bin allein und freue mich meines Lebens in dieser Gegend, die f\u00fcr solche Seelen geschaffen ist wie die meine. Ich bin so gl\u00fccklich, mein Bester, so ganz in dem Gef\u00fchle von ruhigem Dasein versunken, da\u00df meine Kunst darunter leidet.<\/p>\n<p>Ich k\u00f6nnte jetzt nicht zeichnen, nicht einen Strich, und bin nie ein gr\u00f6\u00dferer Maler gewesen als in diesen Augenblicken. Wenn das liebe Tal um mich dampft, und die hohe Sonne an der Oberfl\u00e4che der undurchdringlichen Finsternis meines Waldes ruht, und nur einzelne<\/p>\n","protected":false},"featured_media":3850,"template":"","meta":[],"product_brand":[],"product_cat":[35],"product_tag":[],"class_list":{"0":"post-3091","1":"product","2":"type-product","3":"status-publish","4":"has-post-thumbnail","6":"product_cat-alpifresh-shampoo","8":"first","9":"instock","10":"taxable","11":"shipping-taxable","12":"product-type-simple"},"_links":{"self":[{"href":"https:\/\/www.lenhart-kosmetik.de\/de\/wp-json\/wp\/v2\/product\/3091","targetHints":{"allow":["GET"]}}],"collection":[{"href":"https:\/\/www.lenhart-kosmetik.de\/de\/wp-json\/wp\/v2\/product"}],"about":[{"href":"https:\/\/www.lenhart-kosmetik.de\/de\/wp-json\/wp\/v2\/types\/product"}],"wp:featuredmedia":[{"embeddable":true,"href":"https:\/\/www.lenhart-kosmetik.de\/de\/wp-json\/wp\/v2\/media\/3850"}],"wp:attachment":[{"href":"https:\/\/www.lenhart-kosmetik.de\/de\/wp-json\/wp\/v2\/media?parent=3091"}],"wp:term":[{"taxonomy":"product_brand","embeddable":true,"href":"https:\/\/www.lenhart-kosmetik.de\/de\/wp-json\/wp\/v2\/product_brand?post=3091"},{"taxonomy":"product_cat","embeddable":true,"href":"https:\/\/www.lenhart-kosmetik.de\/de\/wp-json\/wp\/v2\/product_cat?post=3091"},{"taxonomy":"product_tag","embeddable":true,"href":"https:\/\/www.lenhart-kosmetik.de\/de\/wp-json\/wp\/v2\/product_tag?post=3091"}],"curies":[{"name":"wp","href":"https:\/\/api.w.org\/{rel}","templated":true}]}}